{"id":83689,"date":"2025-05-05T17:43:09","date_gmt":"2025-05-05T15:43:09","guid":{"rendered":"https:\/\/arcticexcursions.com\/?post_type=product&#038;p=83689"},"modified":"2026-04-30T18:30:30","modified_gmt":"2026-04-30T16:30:30","slug":"sunset-cruise-with-ship-heidi","status":"publish","type":"product","link":"https:\/\/v1.arcticexcursions.com\/da\/udflugter\/sunset-cruise-with-ship-heidi\/","title":{"rendered":"Forl\u00e6nget istur med skibet Heidi"},"content":{"rendered":"<p>Tag med p\u00e5 en forl\u00e6nget sejltur, hvor vi forlader hverdagen og st\u00e6vner ud i hjertet af UNESCO-verdensarven. P\u00e5 denne tur f\u00e5r du ikke blot et hurtigt kig p\u00e5 isen; vi tager os tid til at navigere dybt ind mellem de massive isbjerge, der t\u00e5rner sig op som glitrende katedraler i Diskobugten. Mens b\u00e5den stille glider gennem det isfyldte vand, kommer du helt t\u00e6t p\u00e5 de imponerende formationer, hvor du kan h\u00f8re isen knage og se de dybe, bl\u00e5 nuancer, der gemmer sig under overfladen. Den ekstra tid giver os de bedste muligheder for at finde de mest spektakul\u00e6re fotospots. Det er en tur pr\u00e6get af ro, storhed og naturens ut\u00e6mmede kr\u00e6fter \u2013 en sanseoplevelse, der r\u00e6kker langt ud over det s\u00e6dvanlige.<\/p>\n","protected":false},"excerpt":{"rendered":"<p>Kom helt t\u00e6t p\u00e5 de gigantiske isfjelde i den UNESCO-beskyttede Ilulissat Isfjord<\/p>\n","protected":false},"featured_media":81394,"comment_status":"open","ping_status":"closed","template":"","meta":{"_acf_changed":false},"product_brand":[],"product_cat":[101,170],"product_tag":[],"class_list":{"0":"post-83689","1":"product","2":"type-product","3":"status-publish","4":"has-post-thumbnail","6":"product_cat-tour","7":"product_cat-udflugt","8":"pa_dato-6103","9":"pa_dato-6048","10":"pa_dato-6049","11":"pa_dato-6495","12":"pa_tidspunkt-308","13":"pa_tidspunkt-6275","14":"pa_tidspunkt-463","15":"tour_location-ilulissat-da","16":"tour_type-baadture","17":"tour_tickettype-arctic_excursions","18":"tour_operator-naleraqilu-gl-2","20":"first","21":"instock","22":"shipping-taxable","23":"purchasable","24":"product-type-variable"},"acf":[],"yoast_head":"<!-- This site is optimized with the Yoast SEO plugin v23.6 - https:\/\/yoast.com\/wordpress\/plugins\/seo\/ -->\n<title>Arctic Excursions<\/title>\n<meta name=\"robots\" content=\"noindex, follow, max-snippet:-1, max-image-preview:large, max-video-preview:-1\" \/>\n<meta property=\"og:locale\" content=\"da_DK\" \/>\n<meta property=\"og:type\" content=\"article\" \/>\n<meta property=\"og:title\" content=\"Forl\u00e6nget istur med skibet Heidi - Arctic Excursions\" \/>\n<meta property=\"og:description\" content=\"Kom helt t\u00e6t p\u00e5 de gigantiske isfjelde i den UNESCO-beskyttede Ilulissat Isfjord\" \/>\n<meta property=\"og:url\" content=\"https:\/\/v1.arcticexcursions.com\/da\/udflugter\/sunset-cruise-with-ship-heidi\/\" \/>\n<meta property=\"og:site_name\" content=\"Arctic Excursions\" \/>\n<meta property=\"article:modified_time\" content=\"2026-04-30T16:30:30+00:00\" \/>\n<meta property=\"og:image\" content=\"https:\/\/v1.arcticexcursions.com\/wp-content\/uploads\/2026\/03\/dronebillede8.jpg\" \/>\n\t<meta property=\"og:image:width\" content=\"1500\" \/>\n\t<meta property=\"og:image:height\" content=\"2000\" \/>\n\t<meta property=\"og:image:type\" content=\"image\/jpeg\" \/>\n<meta name=\"twitter:card\" content=\"summary_large_image\" \/>\n<meta name=\"twitter:label1\" content=\"Estimeret l\u00e6setid\" \/>\n\t<meta name=\"twitter:data1\" content=\"1 minut\" \/>\n<script type=\"application\/ld+json\" class=\"yoast-schema-graph\">{\"@context\":\"https:\/\/schema.org\",\"@graph\":[{\"@type\":\"WebPage\",\"@id\":\"https:\/\/v1.arcticexcursions.com\/da\/udflugter\/sunset-cruise-with-ship-heidi\/\",\"url\":\"https:\/\/v1.arcticexcursions.com\/da\/udflugter\/sunset-cruise-with-ship-heidi\/\",\"name\":\"Forl\u00e6nget istur med skibet Heidi - Arctic Excursions\",\"isPartOf\":{\"@id\":\"https:\/\/v1.arcticexcursions.com\/#website\"},\"primaryImageOfPage\":{\"@id\":\"https:\/\/v1.arcticexcursions.com\/da\/udflugter\/sunset-cruise-with-ship-heidi\/#primaryimage\"},\"image\":{\"@id\":\"https:\/\/v1.arcticexcursions.com\/da\/udflugter\/sunset-cruise-with-ship-heidi\/#primaryimage\"},\"thumbnailUrl\":\"https:\/\/v1.arcticexcursions.com\/wp-content\/uploads\/2026\/03\/dronebillede8.jpg\",\"datePublished\":\"2025-05-05T15:43:09+00:00\",\"dateModified\":\"2026-04-30T16:30:30+00:00\",\"breadcrumb\":{\"@id\":\"https:\/\/v1.arcticexcursions.com\/da\/udflugter\/sunset-cruise-with-ship-heidi\/#breadcrumb\"},\"inLanguage\":\"da-DK\",\"potentialAction\":[{\"@type\":\"ReadAction\",\"target\":[\"https:\/\/v1.arcticexcursions.com\/da\/udflugter\/sunset-cruise-with-ship-heidi\/\"]}]},{\"@type\":\"ImageObject\",\"inLanguage\":\"da-DK\",\"@id\":\"https:\/\/v1.arcticexcursions.com\/da\/udflugter\/sunset-cruise-with-ship-heidi\/#primaryimage\",\"url\":\"https:\/\/v1.arcticexcursions.com\/wp-content\/uploads\/2026\/03\/dronebillede8.jpg\",\"contentUrl\":\"https:\/\/v1.arcticexcursions.com\/wp-content\/uploads\/2026\/03\/dronebillede8.jpg\",\"width\":1500,\"height\":2000},{\"@type\":\"BreadcrumbList\",\"@id\":\"https:\/\/v1.arcticexcursions.com\/da\/udflugter\/sunset-cruise-with-ship-heidi\/#breadcrumb\",\"itemListElement\":[{\"@type\":\"ListItem\",\"position\":1,\"name\":\"Home\",\"item\":\"https:\/\/v1.arcticexcursions.com\/da\/\"},{\"@type\":\"ListItem\",\"position\":2,\"name\":\"Udflugter i Gr\u00f8nland\",\"item\":\"https:\/\/v1.arcticexcursions.com\/da\/udflugter\/\"},{\"@type\":\"ListItem\",\"position\":3,\"name\":\"Forl\u00e6nget istur med skibet Heidi\"}]},{\"@type\":\"WebSite\",\"@id\":\"https:\/\/v1.arcticexcursions.com\/#website\",\"url\":\"https:\/\/v1.arcticexcursions.com\/\",\"name\":\"Arctic Excursions\",\"description\":\"New adventures. Every day.\",\"publisher\":{\"@id\":\"https:\/\/v1.arcticexcursions.com\/#organization\"},\"potentialAction\":[{\"@type\":\"SearchAction\",\"target\":{\"@type\":\"EntryPoint\",\"urlTemplate\":\"https:\/\/v1.arcticexcursions.com\/?s={search_term_string}\"},\"query-input\":{\"@type\":\"PropertyValueSpecification\",\"valueRequired\":true,\"valueName\":\"search_term_string\"}}],\"inLanguage\":\"da-DK\"},{\"@type\":\"Organization\",\"@id\":\"https:\/\/v1.arcticexcursions.com\/#organization\",\"name\":\"Arctic Excursions\",\"url\":\"https:\/\/v1.arcticexcursions.com\/\",\"logo\":{\"@type\":\"ImageObject\",\"inLanguage\":\"da-DK\",\"@id\":\"https:\/\/v1.arcticexcursions.com\/#\/schema\/logo\/image\/\",\"url\":\"https:\/\/arcticexcursions.com\/wp-content\/uploads\/2022\/11\/fb-logo.png\",\"contentUrl\":\"https:\/\/arcticexcursions.com\/wp-content\/uploads\/2022\/11\/fb-logo.png\",\"width\":523,\"height\":523,\"caption\":\"Arctic Excursions\"},\"image\":{\"@id\":\"https:\/\/v1.arcticexcursions.com\/#\/schema\/logo\/image\/\"}}]}<\/script>\n<!-- \/ Yoast SEO plugin. -->","yoast_head_json":{"title":"Arctic Excursions","robots":{"index":"noindex","follow":"follow","max-snippet":"max-snippet:-1","max-image-preview":"max-image-preview:large","max-video-preview":"max-video-preview:-1"},"og_locale":"da_DK","og_type":"article","og_title":"Forl\u00e6nget istur med skibet Heidi - Arctic Excursions","og_description":"Kom helt t\u00e6t p\u00e5 de gigantiske isfjelde i den UNESCO-beskyttede Ilulissat Isfjord","og_url":"https:\/\/v1.arcticexcursions.com\/da\/udflugter\/sunset-cruise-with-ship-heidi\/","og_site_name":"Arctic Excursions","article_modified_time":"2026-04-30T16:30:30+00:00","og_image":[{"width":1500,"height":2000,"url":"https:\/\/v1.arcticexcursions.com\/wp-content\/uploads\/2026\/03\/dronebillede8.jpg","type":"image\/jpeg"}],"twitter_card":"summary_large_image","twitter_misc":{"Estimeret l\u00e6setid":"1 minut"},"schema":{"@context":"https:\/\/schema.org","@graph":[{"@type":"WebPage","@id":"https:\/\/v1.arcticexcursions.com\/da\/udflugter\/sunset-cruise-with-ship-heidi\/","url":"https:\/\/v1.arcticexcursions.com\/da\/udflugter\/sunset-cruise-with-ship-heidi\/","name":"Forl\u00e6nget istur med skibet Heidi - Arctic Excursions","isPartOf":{"@id":"https:\/\/v1.arcticexcursions.com\/#website"},"primaryImageOfPage":{"@id":"https:\/\/v1.arcticexcursions.com\/da\/udflugter\/sunset-cruise-with-ship-heidi\/#primaryimage"},"image":{"@id":"https:\/\/v1.arcticexcursions.com\/da\/udflugter\/sunset-cruise-with-ship-heidi\/#primaryimage"},"thumbnailUrl":"https:\/\/v1.arcticexcursions.com\/wp-content\/uploads\/2026\/03\/dronebillede8.jpg","datePublished":"2025-05-05T15:43:09+00:00","dateModified":"2026-04-30T16:30:30+00:00","breadcrumb":{"@id":"https:\/\/v1.arcticexcursions.com\/da\/udflugter\/sunset-cruise-with-ship-heidi\/#breadcrumb"},"inLanguage":"da-DK","potentialAction":[{"@type":"ReadAction","target":["https:\/\/v1.arcticexcursions.com\/da\/udflugter\/sunset-cruise-with-ship-heidi\/"]}]},{"@type":"ImageObject","inLanguage":"da-DK","@id":"https:\/\/v1.arcticexcursions.com\/da\/udflugter\/sunset-cruise-with-ship-heidi\/#primaryimage","url":"https:\/\/v1.arcticexcursions.com\/wp-content\/uploads\/2026\/03\/dronebillede8.jpg","contentUrl":"https:\/\/v1.arcticexcursions.com\/wp-content\/uploads\/2026\/03\/dronebillede8.jpg","width":1500,"height":2000},{"@type":"BreadcrumbList","@id":"https:\/\/v1.arcticexcursions.com\/da\/udflugter\/sunset-cruise-with-ship-heidi\/#breadcrumb","itemListElement":[{"@type":"ListItem","position":1,"name":"Home","item":"https:\/\/v1.arcticexcursions.com\/da\/"},{"@type":"ListItem","position":2,"name":"Udflugter i Gr\u00f8nland","item":"https:\/\/v1.arcticexcursions.com\/da\/udflugter\/"},{"@type":"ListItem","position":3,"name":"Forl\u00e6nget istur med skibet Heidi"}]},{"@type":"WebSite","@id":"https:\/\/v1.arcticexcursions.com\/#website","url":"https:\/\/v1.arcticexcursions.com\/","name":"Arctic Excursions","description":"New adventures. Every day.","publisher":{"@id":"https:\/\/v1.arcticexcursions.com\/#organization"},"potentialAction":[{"@type":"SearchAction","target":{"@type":"EntryPoint","urlTemplate":"https:\/\/v1.arcticexcursions.com\/?s={search_term_string}"},"query-input":{"@type":"PropertyValueSpecification","valueRequired":true,"valueName":"search_term_string"}}],"inLanguage":"da-DK"},{"@type":"Organization","@id":"https:\/\/v1.arcticexcursions.com\/#organization","name":"Arctic Excursions","url":"https:\/\/v1.arcticexcursions.com\/","logo":{"@type":"ImageObject","inLanguage":"da-DK","@id":"https:\/\/v1.arcticexcursions.com\/#\/schema\/logo\/image\/","url":"https:\/\/arcticexcursions.com\/wp-content\/uploads\/2022\/11\/fb-logo.png","contentUrl":"https:\/\/arcticexcursions.com\/wp-content\/uploads\/2022\/11\/fb-logo.png","width":523,"height":523,"caption":"Arctic Excursions"},"image":{"@id":"https:\/\/v1.arcticexcursions.com\/#\/schema\/logo\/image\/"}}]}},"_links":{"self":[{"href":"https:\/\/v1.arcticexcursions.com\/da\/wp-json\/wp\/v2\/product\/83689"}],"collection":[{"href":"https:\/\/v1.arcticexcursions.com\/da\/wp-json\/wp\/v2\/product"}],"about":[{"href":"https:\/\/v1.arcticexcursions.com\/da\/wp-json\/wp\/v2\/types\/product"}],"replies":[{"embeddable":true,"href":"https:\/\/v1.arcticexcursions.com\/da\/wp-json\/wp\/v2\/comments?post=83689"}],"wp:featuredmedia":[{"embeddable":true,"href":"https:\/\/v1.arcticexcursions.com\/da\/wp-json\/wp\/v2\/media\/81394"}],"wp:attachment":[{"href":"https:\/\/v1.arcticexcursions.com\/da\/wp-json\/wp\/v2\/media?parent=83689"}],"wp:term":[{"taxonomy":"product_brand","embeddable":true,"href":"https:\/\/v1.arcticexcursions.com\/da\/wp-json\/wp\/v2\/product_brand?post=83689"},{"taxonomy":"product_cat","embeddable":true,"href":"https:\/\/v1.arcticexcursions.com\/da\/wp-json\/wp\/v2\/product_cat?post=83689"},{"taxonomy":"product_tag","embeddable":true,"href":"https:\/\/v1.arcticexcursions.com\/da\/wp-json\/wp\/v2\/product_tag?post=83689"}],"curies":[{"name":"wp","href":"https:\/\/api.w.org\/{rel}","templated":true}]}}