{"id":46880,"date":"2025-03-05T16:13:43","date_gmt":"2025-03-05T14:13:43","guid":{"rendered":"https:\/\/arcticexcursions.com\/?post_type=product&#038;p=46880"},"modified":"2025-03-22T16:32:08","modified_gmt":"2025-03-22T14:32:08","slug":"fly-landtur","status":"publish","type":"product","link":"https:\/\/v1.arcticexcursions.com\/da\/udflugter\/fly-landtur\/","title":{"rendered":"Fly &#038; Landtur"},"content":{"rendered":"<p><iframe width=\"560\" height=\"315\" src=\"https:\/\/www.youtube.com\/embed\/gFYz5og9dSY?si=HukLpMAQ3wDUxSVF\" title=\"YouTube video player\" frameborder=\"0\" allow=\"accelerometer; autoplay; clipboard-write; encrypted-media; gyroscope; picture-in-picture; web-share\" referrerpolicy=\"strict-origin-when-cross-origin\" allowfullscreen><\/iframe><\/p>\n<p>Dit eventyr begynder kl. 12.30 med UTV-tur til Nuuks bagland, hvor Air Greenlands helikopter lander for at hente jer og vil flyve jer til fjeldet Sermitsiaq.<\/p>\n<p>Nyd den magiske udsigt fra Sermitsuaq og flyv derefter en rundtur over Nuuk.<br \/>\nEnd flyveturen med at lande ved Inuk Hostels, hvor l\u00e6kker mad med en storyteller om gr\u00f8nlandsk madkultur venter p\u00e5 jer. <\/p>\n<p><b>Varighed:<\/b> Ca. 2 timer<\/p>\n<p>Mad ved Inuk Hostels er inkluderet.<\/p>\n","protected":false},"excerpt":{"rendered":"<p>Oplev en fly &#038; land med Inuk Travel &#038; Air Greenland<\/p>\n","protected":false},"featured_media":46861,"comment_status":"open","ping_status":"closed","template":"","meta":{"_acf_changed":false},"product_brand":[],"product_cat":[170],"product_tag":[],"class_list":{"0":"post-46880","1":"product","2":"type-product","3":"status-publish","4":"has-post-thumbnail","6":"product_cat-udflugt","7":"pa_dato-6013","8":"pa_dato-1271","9":"pa_tidspunkt-177","10":"pa_tidspunkt-229","11":"tour_location-nuuk-da","12":"tour_type-flightseeing","13":"tour_tickettype-arctic_excursions","14":"tour_operator-inuk-travel","16":"first","17":"outofstock","18":"shipping-taxable","19":"product-type-variable"},"acf":[],"yoast_head":"<!-- This site is optimized with the Yoast SEO plugin v23.6 - https:\/\/yoast.com\/wordpress\/plugins\/seo\/ -->\n<title>Arctic Excursions<\/title>\n<meta name=\"robots\" content=\"noindex, follow, max-snippet:-1, max-image-preview:large, max-video-preview:-1\" \/>\n<meta property=\"og:locale\" content=\"da_DK\" \/>\n<meta property=\"og:type\" content=\"article\" \/>\n<meta property=\"og:title\" content=\"Fly &amp; Landtur - Arctic Excursions\" \/>\n<meta property=\"og:description\" content=\"Oplev en fly &amp; land med Inuk Travel &amp; Air Greenland\" \/>\n<meta property=\"og:url\" content=\"https:\/\/v1.arcticexcursions.com\/da\/udflugter\/fly-landtur\/\" \/>\n<meta property=\"og:site_name\" content=\"Arctic Excursions\" \/>\n<meta property=\"article:modified_time\" content=\"2025-03-22T14:32:08+00:00\" \/>\n<meta property=\"og:image\" content=\"https:\/\/v1.arcticexcursions.com\/wp-content\/uploads\/2025\/03\/273d918a-cc5c-4d84-892e-2977501164e2.jpeg\" \/>\n\t<meta property=\"og:image:width\" content=\"1024\" \/>\n\t<meta property=\"og:image:height\" content=\"768\" \/>\n\t<meta property=\"og:image:type\" content=\"image\/jpeg\" \/>\n<meta name=\"twitter:card\" content=\"summary_large_image\" \/>\n<script type=\"application\/ld+json\" class=\"yoast-schema-graph\">{\"@context\":\"https:\/\/schema.org\",\"@graph\":[{\"@type\":\"WebPage\",\"@id\":\"https:\/\/v1.arcticexcursions.com\/da\/udflugter\/fly-landtur\/\",\"url\":\"https:\/\/v1.arcticexcursions.com\/da\/udflugter\/fly-landtur\/\",\"name\":\"Fly & Landtur - Arctic Excursions\",\"isPartOf\":{\"@id\":\"https:\/\/v1.arcticexcursions.com\/#website\"},\"primaryImageOfPage\":{\"@id\":\"https:\/\/v1.arcticexcursions.com\/da\/udflugter\/fly-landtur\/#primaryimage\"},\"image\":{\"@id\":\"https:\/\/v1.arcticexcursions.com\/da\/udflugter\/fly-landtur\/#primaryimage\"},\"thumbnailUrl\":\"https:\/\/v1.arcticexcursions.com\/wp-content\/uploads\/2025\/03\/273d918a-cc5c-4d84-892e-2977501164e2.jpeg\",\"datePublished\":\"2025-03-05T14:13:43+00:00\",\"dateModified\":\"2025-03-22T14:32:08+00:00\",\"breadcrumb\":{\"@id\":\"https:\/\/v1.arcticexcursions.com\/da\/udflugter\/fly-landtur\/#breadcrumb\"},\"inLanguage\":\"da-DK\",\"potentialAction\":[{\"@type\":\"ReadAction\",\"target\":[\"https:\/\/v1.arcticexcursions.com\/da\/udflugter\/fly-landtur\/\"]}]},{\"@type\":\"ImageObject\",\"inLanguage\":\"da-DK\",\"@id\":\"https:\/\/v1.arcticexcursions.com\/da\/udflugter\/fly-landtur\/#primaryimage\",\"url\":\"https:\/\/v1.arcticexcursions.com\/wp-content\/uploads\/2025\/03\/273d918a-cc5c-4d84-892e-2977501164e2.jpeg\",\"contentUrl\":\"https:\/\/v1.arcticexcursions.com\/wp-content\/uploads\/2025\/03\/273d918a-cc5c-4d84-892e-2977501164e2.jpeg\",\"width\":1024,\"height\":768},{\"@type\":\"BreadcrumbList\",\"@id\":\"https:\/\/v1.arcticexcursions.com\/da\/udflugter\/fly-landtur\/#breadcrumb\",\"itemListElement\":[{\"@type\":\"ListItem\",\"position\":1,\"name\":\"Home\",\"item\":\"https:\/\/v1.arcticexcursions.com\/da\/\"},{\"@type\":\"ListItem\",\"position\":2,\"name\":\"Udflugter i Gr\u00f8nland\",\"item\":\"https:\/\/v1.arcticexcursions.com\/da\/udflugter\/\"},{\"@type\":\"ListItem\",\"position\":3,\"name\":\"Fly &#038; Landtur\"}]},{\"@type\":\"WebSite\",\"@id\":\"https:\/\/v1.arcticexcursions.com\/#website\",\"url\":\"https:\/\/v1.arcticexcursions.com\/\",\"name\":\"Arctic Excursions\",\"description\":\"New adventures. Every day.\",\"publisher\":{\"@id\":\"https:\/\/v1.arcticexcursions.com\/#organization\"},\"potentialAction\":[{\"@type\":\"SearchAction\",\"target\":{\"@type\":\"EntryPoint\",\"urlTemplate\":\"https:\/\/v1.arcticexcursions.com\/?s={search_term_string}\"},\"query-input\":{\"@type\":\"PropertyValueSpecification\",\"valueRequired\":true,\"valueName\":\"search_term_string\"}}],\"inLanguage\":\"da-DK\"},{\"@type\":\"Organization\",\"@id\":\"https:\/\/v1.arcticexcursions.com\/#organization\",\"name\":\"Arctic Excursions\",\"url\":\"https:\/\/v1.arcticexcursions.com\/\",\"logo\":{\"@type\":\"ImageObject\",\"inLanguage\":\"da-DK\",\"@id\":\"https:\/\/v1.arcticexcursions.com\/#\/schema\/logo\/image\/\",\"url\":\"https:\/\/arcticexcursions.com\/wp-content\/uploads\/2022\/11\/fb-logo.png\",\"contentUrl\":\"https:\/\/arcticexcursions.com\/wp-content\/uploads\/2022\/11\/fb-logo.png\",\"width\":523,\"height\":523,\"caption\":\"Arctic Excursions\"},\"image\":{\"@id\":\"https:\/\/v1.arcticexcursions.com\/#\/schema\/logo\/image\/\"}}]}<\/script>\n<!-- \/ Yoast SEO plugin. -->","yoast_head_json":{"title":"Arctic Excursions","robots":{"index":"noindex","follow":"follow","max-snippet":"max-snippet:-1","max-image-preview":"max-image-preview:large","max-video-preview":"max-video-preview:-1"},"og_locale":"da_DK","og_type":"article","og_title":"Fly & Landtur - Arctic Excursions","og_description":"Oplev en fly & land med Inuk Travel & Air Greenland","og_url":"https:\/\/v1.arcticexcursions.com\/da\/udflugter\/fly-landtur\/","og_site_name":"Arctic Excursions","article_modified_time":"2025-03-22T14:32:08+00:00","og_image":[{"width":1024,"height":768,"url":"https:\/\/v1.arcticexcursions.com\/wp-content\/uploads\/2025\/03\/273d918a-cc5c-4d84-892e-2977501164e2.jpeg","type":"image\/jpeg"}],"twitter_card":"summary_large_image","schema":{"@context":"https:\/\/schema.org","@graph":[{"@type":"WebPage","@id":"https:\/\/v1.arcticexcursions.com\/da\/udflugter\/fly-landtur\/","url":"https:\/\/v1.arcticexcursions.com\/da\/udflugter\/fly-landtur\/","name":"Fly & Landtur - Arctic Excursions","isPartOf":{"@id":"https:\/\/v1.arcticexcursions.com\/#website"},"primaryImageOfPage":{"@id":"https:\/\/v1.arcticexcursions.com\/da\/udflugter\/fly-landtur\/#primaryimage"},"image":{"@id":"https:\/\/v1.arcticexcursions.com\/da\/udflugter\/fly-landtur\/#primaryimage"},"thumbnailUrl":"https:\/\/v1.arcticexcursions.com\/wp-content\/uploads\/2025\/03\/273d918a-cc5c-4d84-892e-2977501164e2.jpeg","datePublished":"2025-03-05T14:13:43+00:00","dateModified":"2025-03-22T14:32:08+00:00","breadcrumb":{"@id":"https:\/\/v1.arcticexcursions.com\/da\/udflugter\/fly-landtur\/#breadcrumb"},"inLanguage":"da-DK","potentialAction":[{"@type":"ReadAction","target":["https:\/\/v1.arcticexcursions.com\/da\/udflugter\/fly-landtur\/"]}]},{"@type":"ImageObject","inLanguage":"da-DK","@id":"https:\/\/v1.arcticexcursions.com\/da\/udflugter\/fly-landtur\/#primaryimage","url":"https:\/\/v1.arcticexcursions.com\/wp-content\/uploads\/2025\/03\/273d918a-cc5c-4d84-892e-2977501164e2.jpeg","contentUrl":"https:\/\/v1.arcticexcursions.com\/wp-content\/uploads\/2025\/03\/273d918a-cc5c-4d84-892e-2977501164e2.jpeg","width":1024,"height":768},{"@type":"BreadcrumbList","@id":"https:\/\/v1.arcticexcursions.com\/da\/udflugter\/fly-landtur\/#breadcrumb","itemListElement":[{"@type":"ListItem","position":1,"name":"Home","item":"https:\/\/v1.arcticexcursions.com\/da\/"},{"@type":"ListItem","position":2,"name":"Udflugter i Gr\u00f8nland","item":"https:\/\/v1.arcticexcursions.com\/da\/udflugter\/"},{"@type":"ListItem","position":3,"name":"Fly &#038; Landtur"}]},{"@type":"WebSite","@id":"https:\/\/v1.arcticexcursions.com\/#website","url":"https:\/\/v1.arcticexcursions.com\/","name":"Arctic Excursions","description":"New adventures. Every day.","publisher":{"@id":"https:\/\/v1.arcticexcursions.com\/#organization"},"potentialAction":[{"@type":"SearchAction","target":{"@type":"EntryPoint","urlTemplate":"https:\/\/v1.arcticexcursions.com\/?s={search_term_string}"},"query-input":{"@type":"PropertyValueSpecification","valueRequired":true,"valueName":"search_term_string"}}],"inLanguage":"da-DK"},{"@type":"Organization","@id":"https:\/\/v1.arcticexcursions.com\/#organization","name":"Arctic Excursions","url":"https:\/\/v1.arcticexcursions.com\/","logo":{"@type":"ImageObject","inLanguage":"da-DK","@id":"https:\/\/v1.arcticexcursions.com\/#\/schema\/logo\/image\/","url":"https:\/\/arcticexcursions.com\/wp-content\/uploads\/2022\/11\/fb-logo.png","contentUrl":"https:\/\/arcticexcursions.com\/wp-content\/uploads\/2022\/11\/fb-logo.png","width":523,"height":523,"caption":"Arctic Excursions"},"image":{"@id":"https:\/\/v1.arcticexcursions.com\/#\/schema\/logo\/image\/"}}]}},"_links":{"self":[{"href":"https:\/\/v1.arcticexcursions.com\/da\/wp-json\/wp\/v2\/product\/46880"}],"collection":[{"href":"https:\/\/v1.arcticexcursions.com\/da\/wp-json\/wp\/v2\/product"}],"about":[{"href":"https:\/\/v1.arcticexcursions.com\/da\/wp-json\/wp\/v2\/types\/product"}],"replies":[{"embeddable":true,"href":"https:\/\/v1.arcticexcursions.com\/da\/wp-json\/wp\/v2\/comments?post=46880"}],"wp:featuredmedia":[{"embeddable":true,"href":"https:\/\/v1.arcticexcursions.com\/da\/wp-json\/wp\/v2\/media\/46861"}],"wp:attachment":[{"href":"https:\/\/v1.arcticexcursions.com\/da\/wp-json\/wp\/v2\/media?parent=46880"}],"wp:term":[{"taxonomy":"product_brand","embeddable":true,"href":"https:\/\/v1.arcticexcursions.com\/da\/wp-json\/wp\/v2\/product_brand?post=46880"},{"taxonomy":"product_cat","embeddable":true,"href":"https:\/\/v1.arcticexcursions.com\/da\/wp-json\/wp\/v2\/product_cat?post=46880"},{"taxonomy":"product_tag","embeddable":true,"href":"https:\/\/v1.arcticexcursions.com\/da\/wp-json\/wp\/v2\/product_tag?post=46880"}],"curies":[{"name":"wp","href":"https:\/\/api.w.org\/{rel}","templated":true}]}}