{"id":39574,"date":"2024-08-08T12:46:22","date_gmt":"2024-08-08T10:46:22","guid":{"rendered":"https:\/\/arcticexcursions.com\/?post_type=product&#038;p=39574"},"modified":"2025-11-03T14:23:40","modified_gmt":"2025-11-03T12:23:40","slug":"qooqqut-nuan-experience","status":"publish","type":"product","link":"https:\/\/v1.arcticexcursions.com\/da\/udflugter\/qooqqut-nuan-experience\/","title":{"rendered":"Oplev Qooqqut Nuan"},"content":{"rendered":"<p>Kom med p\u00e5 en b\u00e5dtur til Qooqqut.<\/p>\n<p>V\u00e6lg vores direkte vej for at bes\u00f8ge den lokale restaurant eller &#8220;Catch &#038; Eat&#8221;-udflugten, som forl\u00e6nger din rejse til seks timer. <\/p>\n<p>Denne enest\u00e5ende oplevelse omfatter sejlads til bestemte steder for at fiske efter torsk og r\u00f8dfisk, efterfulgt af en l\u00e6kker aftensmad lavet af din fangst p\u00e5 restauranten. <\/p>\n<p>Du er selv ansvarlig for at k\u00f8be dine m\u00e5ltider og drikkevarer. <\/p>\n<p><b>Varighed:<\/b> 6 timer.<\/p>\n<p><b>Deltagere:<\/b> Bem\u00e6rk venligst, at udflugten kun finder sted, hvis der er bestilt mindst 4 billetter i alt. Hvis du f.eks. bestiller 2 billetter, skal der s\u00e6lges mindst 2 ekstra billetter til andre kunder, for at turen kan gennemf\u00f8res. H\u00f8jst 6 personer kan deltage.\t<\/p>\n<p><b>Sprog:<\/b> Guiden\/kaptajnen taler dansk, engelsk og gr\u00f8nlandsk <\/p>\n<p><b>B\u00e5dtype:<\/b> Lukket b\u00e5d <\/p>\n<p><b>Toiletforhold:<\/b> Der er toilet p\u00e5 b\u00e5den <\/p>\n<p><b>Forplejning:<\/b> Kaffe og te serveres p\u00e5 b\u00e5den <\/p>\n<p><b>Anbefalet p\u00e5kl\u00e6dning:<\/b> Varmt t\u00f8j inkl. hue og handsker hele \u00e5ret. Solbriller. Solcreme om sommeren.<\/p>\n","protected":false},"excerpt":{"rendered":"<p>Oplev en sejltur til Qooqqut Nuan!<\/p>\n","protected":false},"featured_media":39935,"comment_status":"open","ping_status":"closed","template":"","meta":{"_acf_changed":false},"product_brand":[],"product_cat":[170,101],"product_tag":[],"class_list":{"0":"post-39574","1":"product","2":"type-product","3":"status-publish","4":"has-post-thumbnail","6":"product_cat-udflugt","7":"product_cat-tour","8":"pa_dato-5881","9":"pa_dato-6042","10":"pa_dato-6066","11":"pa_dato-6075","12":"pa_dato-6064","13":"pa_dato-5932","14":"pa_dato-1193","15":"pa_dato-5892","16":"pa_dato-5879","17":"pa_dato-5948","18":"pa_dato-5933","19":"pa_dato-6000","20":"pa_dato-6051","21":"pa_dato-6022","22":"pa_dato-6058","23":"pa_dato-5964","24":"pa_dato-6024","25":"pa_dato-5926","26":"pa_dato-5955","27":"pa_dato-5888","28":"pa_dato-5988","29":"pa_dato-5958","30":"pa_dato-5963","31":"pa_dato-5961","32":"pa_dato-6060","33":"pa_dato-5939","34":"pa_dato-5941","35":"pa_dato-6027","36":"pa_tidspunkt-72","37":"pa_tidspunkt-40","38":"pa_tidspunkt-304","39":"pa_tidspunkt-60","40":"pa_tidspunkt-426","41":"pa_tidspunkt-68","42":"pa_tidspunkt-110","43":"tour_location-nuuk-da","44":"tour_type-baadture","45":"tour_tickettype-greenland_travel_tour","46":"tour_tickettype-greenland_travel_team","47":"tour_tickettype-arctic_excursions","48":"tour_operator-raw-arctic","50":"first","51":"outofstock","52":"shipping-taxable","53":"product-type-variable"},"acf":[],"yoast_head":"<!-- This site is optimized with the Yoast SEO plugin v23.6 - https:\/\/yoast.com\/wordpress\/plugins\/seo\/ -->\n<title>Arctic Excursions<\/title>\n<meta name=\"robots\" content=\"noindex, follow, max-snippet:-1, max-image-preview:large, max-video-preview:-1\" \/>\n<meta property=\"og:locale\" content=\"da_DK\" \/>\n<meta property=\"og:type\" content=\"article\" \/>\n<meta property=\"og:title\" content=\"Oplev Qooqqut Nuan - Arctic Excursions\" \/>\n<meta property=\"og:description\" content=\"Oplev en sejltur til Qooqqut Nuan!\" \/>\n<meta property=\"og:url\" content=\"https:\/\/v1.arcticexcursions.com\/da\/udflugter\/qooqqut-nuan-experience\/\" \/>\n<meta property=\"og:site_name\" content=\"Arctic Excursions\" \/>\n<meta property=\"article:modified_time\" content=\"2025-11-03T12:23:40+00:00\" \/>\n<meta property=\"og:image\" content=\"https:\/\/v1.arcticexcursions.com\/wp-content\/uploads\/2024\/08\/Qooqqut-Nuan-7-scaled.jpg\" \/>\n\t<meta property=\"og:image:width\" content=\"2560\" \/>\n\t<meta property=\"og:image:height\" content=\"1708\" \/>\n\t<meta property=\"og:image:type\" content=\"image\/jpeg\" \/>\n<meta name=\"twitter:card\" content=\"summary_large_image\" \/>\n<meta name=\"twitter:label1\" content=\"Estimeret l\u00e6setid\" \/>\n\t<meta name=\"twitter:data1\" content=\"1 minut\" \/>\n<script type=\"application\/ld+json\" class=\"yoast-schema-graph\">{\"@context\":\"https:\/\/schema.org\",\"@graph\":[{\"@type\":\"WebPage\",\"@id\":\"https:\/\/v1.arcticexcursions.com\/da\/udflugter\/qooqqut-nuan-experience\/\",\"url\":\"https:\/\/v1.arcticexcursions.com\/da\/udflugter\/qooqqut-nuan-experience\/\",\"name\":\"Oplev Qooqqut Nuan - Arctic Excursions\",\"isPartOf\":{\"@id\":\"https:\/\/v1.arcticexcursions.com\/#website\"},\"primaryImageOfPage\":{\"@id\":\"https:\/\/v1.arcticexcursions.com\/da\/udflugter\/qooqqut-nuan-experience\/#primaryimage\"},\"image\":{\"@id\":\"https:\/\/v1.arcticexcursions.com\/da\/udflugter\/qooqqut-nuan-experience\/#primaryimage\"},\"thumbnailUrl\":\"https:\/\/v1.arcticexcursions.com\/wp-content\/uploads\/2024\/08\/Qooqqut-Nuan-7-scaled.jpg\",\"datePublished\":\"2024-08-08T10:46:22+00:00\",\"dateModified\":\"2025-11-03T12:23:40+00:00\",\"breadcrumb\":{\"@id\":\"https:\/\/v1.arcticexcursions.com\/da\/udflugter\/qooqqut-nuan-experience\/#breadcrumb\"},\"inLanguage\":\"da-DK\",\"potentialAction\":[{\"@type\":\"ReadAction\",\"target\":[\"https:\/\/v1.arcticexcursions.com\/da\/udflugter\/qooqqut-nuan-experience\/\"]}]},{\"@type\":\"ImageObject\",\"inLanguage\":\"da-DK\",\"@id\":\"https:\/\/v1.arcticexcursions.com\/da\/udflugter\/qooqqut-nuan-experience\/#primaryimage\",\"url\":\"https:\/\/v1.arcticexcursions.com\/wp-content\/uploads\/2024\/08\/Qooqqut-Nuan-7-scaled.jpg\",\"contentUrl\":\"https:\/\/v1.arcticexcursions.com\/wp-content\/uploads\/2024\/08\/Qooqqut-Nuan-7-scaled.jpg\",\"width\":2560,\"height\":1708},{\"@type\":\"BreadcrumbList\",\"@id\":\"https:\/\/v1.arcticexcursions.com\/da\/udflugter\/qooqqut-nuan-experience\/#breadcrumb\",\"itemListElement\":[{\"@type\":\"ListItem\",\"position\":1,\"name\":\"Home\",\"item\":\"https:\/\/v1.arcticexcursions.com\/da\/\"},{\"@type\":\"ListItem\",\"position\":2,\"name\":\"Udflugter i Gr\u00f8nland\",\"item\":\"https:\/\/v1.arcticexcursions.com\/da\/udflugter\/\"},{\"@type\":\"ListItem\",\"position\":3,\"name\":\"Oplev Qooqqut Nuan\"}]},{\"@type\":\"WebSite\",\"@id\":\"https:\/\/v1.arcticexcursions.com\/#website\",\"url\":\"https:\/\/v1.arcticexcursions.com\/\",\"name\":\"Arctic Excursions\",\"description\":\"New adventures. Every day.\",\"publisher\":{\"@id\":\"https:\/\/v1.arcticexcursions.com\/#organization\"},\"potentialAction\":[{\"@type\":\"SearchAction\",\"target\":{\"@type\":\"EntryPoint\",\"urlTemplate\":\"https:\/\/v1.arcticexcursions.com\/?s={search_term_string}\"},\"query-input\":{\"@type\":\"PropertyValueSpecification\",\"valueRequired\":true,\"valueName\":\"search_term_string\"}}],\"inLanguage\":\"da-DK\"},{\"@type\":\"Organization\",\"@id\":\"https:\/\/v1.arcticexcursions.com\/#organization\",\"name\":\"Arctic Excursions\",\"url\":\"https:\/\/v1.arcticexcursions.com\/\",\"logo\":{\"@type\":\"ImageObject\",\"inLanguage\":\"da-DK\",\"@id\":\"https:\/\/v1.arcticexcursions.com\/#\/schema\/logo\/image\/\",\"url\":\"https:\/\/arcticexcursions.com\/wp-content\/uploads\/2022\/11\/fb-logo.png\",\"contentUrl\":\"https:\/\/arcticexcursions.com\/wp-content\/uploads\/2022\/11\/fb-logo.png\",\"width\":523,\"height\":523,\"caption\":\"Arctic Excursions\"},\"image\":{\"@id\":\"https:\/\/v1.arcticexcursions.com\/#\/schema\/logo\/image\/\"}}]}<\/script>\n<!-- \/ Yoast SEO plugin. -->","yoast_head_json":{"title":"Arctic Excursions","robots":{"index":"noindex","follow":"follow","max-snippet":"max-snippet:-1","max-image-preview":"max-image-preview:large","max-video-preview":"max-video-preview:-1"},"og_locale":"da_DK","og_type":"article","og_title":"Oplev Qooqqut Nuan - Arctic Excursions","og_description":"Oplev en sejltur til Qooqqut Nuan!","og_url":"https:\/\/v1.arcticexcursions.com\/da\/udflugter\/qooqqut-nuan-experience\/","og_site_name":"Arctic Excursions","article_modified_time":"2025-11-03T12:23:40+00:00","og_image":[{"width":2560,"height":1708,"url":"https:\/\/v1.arcticexcursions.com\/wp-content\/uploads\/2024\/08\/Qooqqut-Nuan-7-scaled.jpg","type":"image\/jpeg"}],"twitter_card":"summary_large_image","twitter_misc":{"Estimeret l\u00e6setid":"1 minut"},"schema":{"@context":"https:\/\/schema.org","@graph":[{"@type":"WebPage","@id":"https:\/\/v1.arcticexcursions.com\/da\/udflugter\/qooqqut-nuan-experience\/","url":"https:\/\/v1.arcticexcursions.com\/da\/udflugter\/qooqqut-nuan-experience\/","name":"Oplev Qooqqut Nuan - Arctic Excursions","isPartOf":{"@id":"https:\/\/v1.arcticexcursions.com\/#website"},"primaryImageOfPage":{"@id":"https:\/\/v1.arcticexcursions.com\/da\/udflugter\/qooqqut-nuan-experience\/#primaryimage"},"image":{"@id":"https:\/\/v1.arcticexcursions.com\/da\/udflugter\/qooqqut-nuan-experience\/#primaryimage"},"thumbnailUrl":"https:\/\/v1.arcticexcursions.com\/wp-content\/uploads\/2024\/08\/Qooqqut-Nuan-7-scaled.jpg","datePublished":"2024-08-08T10:46:22+00:00","dateModified":"2025-11-03T12:23:40+00:00","breadcrumb":{"@id":"https:\/\/v1.arcticexcursions.com\/da\/udflugter\/qooqqut-nuan-experience\/#breadcrumb"},"inLanguage":"da-DK","potentialAction":[{"@type":"ReadAction","target":["https:\/\/v1.arcticexcursions.com\/da\/udflugter\/qooqqut-nuan-experience\/"]}]},{"@type":"ImageObject","inLanguage":"da-DK","@id":"https:\/\/v1.arcticexcursions.com\/da\/udflugter\/qooqqut-nuan-experience\/#primaryimage","url":"https:\/\/v1.arcticexcursions.com\/wp-content\/uploads\/2024\/08\/Qooqqut-Nuan-7-scaled.jpg","contentUrl":"https:\/\/v1.arcticexcursions.com\/wp-content\/uploads\/2024\/08\/Qooqqut-Nuan-7-scaled.jpg","width":2560,"height":1708},{"@type":"BreadcrumbList","@id":"https:\/\/v1.arcticexcursions.com\/da\/udflugter\/qooqqut-nuan-experience\/#breadcrumb","itemListElement":[{"@type":"ListItem","position":1,"name":"Home","item":"https:\/\/v1.arcticexcursions.com\/da\/"},{"@type":"ListItem","position":2,"name":"Udflugter i Gr\u00f8nland","item":"https:\/\/v1.arcticexcursions.com\/da\/udflugter\/"},{"@type":"ListItem","position":3,"name":"Oplev Qooqqut Nuan"}]},{"@type":"WebSite","@id":"https:\/\/v1.arcticexcursions.com\/#website","url":"https:\/\/v1.arcticexcursions.com\/","name":"Arctic Excursions","description":"New adventures. Every day.","publisher":{"@id":"https:\/\/v1.arcticexcursions.com\/#organization"},"potentialAction":[{"@type":"SearchAction","target":{"@type":"EntryPoint","urlTemplate":"https:\/\/v1.arcticexcursions.com\/?s={search_term_string}"},"query-input":{"@type":"PropertyValueSpecification","valueRequired":true,"valueName":"search_term_string"}}],"inLanguage":"da-DK"},{"@type":"Organization","@id":"https:\/\/v1.arcticexcursions.com\/#organization","name":"Arctic Excursions","url":"https:\/\/v1.arcticexcursions.com\/","logo":{"@type":"ImageObject","inLanguage":"da-DK","@id":"https:\/\/v1.arcticexcursions.com\/#\/schema\/logo\/image\/","url":"https:\/\/arcticexcursions.com\/wp-content\/uploads\/2022\/11\/fb-logo.png","contentUrl":"https:\/\/arcticexcursions.com\/wp-content\/uploads\/2022\/11\/fb-logo.png","width":523,"height":523,"caption":"Arctic Excursions"},"image":{"@id":"https:\/\/v1.arcticexcursions.com\/#\/schema\/logo\/image\/"}}]}},"_links":{"self":[{"href":"https:\/\/v1.arcticexcursions.com\/da\/wp-json\/wp\/v2\/product\/39574"}],"collection":[{"href":"https:\/\/v1.arcticexcursions.com\/da\/wp-json\/wp\/v2\/product"}],"about":[{"href":"https:\/\/v1.arcticexcursions.com\/da\/wp-json\/wp\/v2\/types\/product"}],"replies":[{"embeddable":true,"href":"https:\/\/v1.arcticexcursions.com\/da\/wp-json\/wp\/v2\/comments?post=39574"}],"wp:featuredmedia":[{"embeddable":true,"href":"https:\/\/v1.arcticexcursions.com\/da\/wp-json\/wp\/v2\/media\/39935"}],"wp:attachment":[{"href":"https:\/\/v1.arcticexcursions.com\/da\/wp-json\/wp\/v2\/media?parent=39574"}],"wp:term":[{"taxonomy":"product_brand","embeddable":true,"href":"https:\/\/v1.arcticexcursions.com\/da\/wp-json\/wp\/v2\/product_brand?post=39574"},{"taxonomy":"product_cat","embeddable":true,"href":"https:\/\/v1.arcticexcursions.com\/da\/wp-json\/wp\/v2\/product_cat?post=39574"},{"taxonomy":"product_tag","embeddable":true,"href":"https:\/\/v1.arcticexcursions.com\/da\/wp-json\/wp\/v2\/product_tag?post=39574"}],"curies":[{"name":"wp","href":"https:\/\/api.w.org\/{rel}","templated":true}]}}