{"id":28139,"date":"2024-06-27T11:33:42","date_gmt":"2024-06-27T09:33:42","guid":{"rendered":"https:\/\/arcticexcursions.com\/?post_type=product&#038;p=28139"},"modified":"2025-04-14T14:54:46","modified_gmt":"2025-04-14T12:54:46","slug":"kang-skicenter-2-naetter-i-sisu-roed-hytte","status":"publish","type":"product","link":"https:\/\/v1.arcticexcursions.com\/da\/udflugter\/kang-skicenter-2-naetter-i-sisu-roed-hytte\/","title":{"rendered":"Kang Skicenter &#8211; 1 Nat i SISU (R\u00f8d hytte)"},"content":{"rendered":"<p>Hytten i Kobbefjorden har plads til 5 personer, har eget k\u00f8kken og f\u00e6lles toilet.<\/p>\n<p>BEM\u00c6RK at hytterne er 3 km fra havet, og det tager ca. 40-60 minutter at g\u00e5 med gennemsnitligt g\u00e5 tempo.<\/p>\n<p><b>Hvad der er i hytten:<\/b><br \/>\n &#8211; K\u00f8kkenredskaber, (bestik, tallerkner, gryder osv.)<br \/>\n &#8211; Gasgrill<br \/>\n &#8211; Sukker, salt, peber, opvaskes\u00e6be, toiletpapir, kaffefilter,<br \/>\n &#8211; Dyner og puder<br \/>\n &#8211; Gas og petroleum<\/p>\n<p>Prisen inkluderer sejlads til og fra Kobbefjorden, og overnatning i hytten.<br \/>\nBagage transport kan tilk\u00f8bes for 1.000 kr. <\/p>\n<p>Kun \u00e9n billet er n\u00f8dvendig for 1 nat for op til fem personer.<\/p>\n","protected":false},"excerpt":{"rendered":"<p>Kom lidt v\u00e6k fra byen og nyde stilheden i Kobbefjorden, uden elektricitet, mobild\u00e6kning og internet<\/p>\n","protected":false},"featured_media":28137,"comment_status":"open","ping_status":"closed","template":"","meta":{"_acf_changed":false},"product_brand":[],"product_cat":[170],"product_tag":[],"class_list":{"0":"post-28139","1":"product","2":"type-product","3":"status-publish","4":"has-post-thumbnail","6":"product_cat-udflugt","7":"tour_location-nuuk-da","8":"tour_type-ophold","9":"tour_tickettype-arctic_excursions","10":"tour_operator-kang-tourism","12":"first","13":"outofstock","14":"shipping-taxable","15":"product-type-variable"},"acf":[],"yoast_head":"<!-- This site is optimized with the Yoast SEO plugin v23.6 - https:\/\/yoast.com\/wordpress\/plugins\/seo\/ -->\n<title>Arctic Excursions<\/title>\n<meta name=\"robots\" content=\"noindex, follow, max-snippet:-1, max-image-preview:large, max-video-preview:-1\" \/>\n<meta property=\"og:locale\" content=\"da_DK\" \/>\n<meta property=\"og:type\" content=\"article\" \/>\n<meta property=\"og:title\" content=\"Kang Skicenter - 1 Nat i SISU (R\u00f8d hytte) - Arctic Excursions\" \/>\n<meta property=\"og:description\" content=\"Kom lidt v\u00e6k fra byen og nyde stilheden i Kobbefjorden, uden elektricitet, mobild\u00e6kning og internet\" \/>\n<meta property=\"og:url\" content=\"https:\/\/v1.arcticexcursions.com\/da\/udflugter\/kang-skicenter-2-naetter-i-sisu-roed-hytte\/\" \/>\n<meta property=\"og:site_name\" content=\"Arctic Excursions\" \/>\n<meta property=\"article:modified_time\" content=\"2025-04-14T12:54:46+00:00\" \/>\n<meta property=\"og:image\" content=\"https:\/\/v1.arcticexcursions.com\/wp-content\/uploads\/2024\/01\/368807937_739928691478322_4856774826077162323_n.jpg\" \/>\n\t<meta property=\"og:image:width\" content=\"960\" \/>\n\t<meta property=\"og:image:height\" content=\"720\" \/>\n\t<meta property=\"og:image:type\" content=\"image\/jpeg\" \/>\n<meta name=\"twitter:card\" content=\"summary_large_image\" \/>\n<script type=\"application\/ld+json\" class=\"yoast-schema-graph\">{\"@context\":\"https:\/\/schema.org\",\"@graph\":[{\"@type\":\"WebPage\",\"@id\":\"https:\/\/v1.arcticexcursions.com\/da\/udflugter\/kang-skicenter-2-naetter-i-sisu-roed-hytte\/\",\"url\":\"https:\/\/v1.arcticexcursions.com\/da\/udflugter\/kang-skicenter-2-naetter-i-sisu-roed-hytte\/\",\"name\":\"Kang Skicenter - 1 Nat i SISU (R\u00f8d hytte) - Arctic Excursions\",\"isPartOf\":{\"@id\":\"https:\/\/v1.arcticexcursions.com\/#website\"},\"primaryImageOfPage\":{\"@id\":\"https:\/\/v1.arcticexcursions.com\/da\/udflugter\/kang-skicenter-2-naetter-i-sisu-roed-hytte\/#primaryimage\"},\"image\":{\"@id\":\"https:\/\/v1.arcticexcursions.com\/da\/udflugter\/kang-skicenter-2-naetter-i-sisu-roed-hytte\/#primaryimage\"},\"thumbnailUrl\":\"https:\/\/v1.arcticexcursions.com\/wp-content\/uploads\/2024\/01\/368807937_739928691478322_4856774826077162323_n.jpg\",\"datePublished\":\"2024-06-27T09:33:42+00:00\",\"dateModified\":\"2025-04-14T12:54:46+00:00\",\"breadcrumb\":{\"@id\":\"https:\/\/v1.arcticexcursions.com\/da\/udflugter\/kang-skicenter-2-naetter-i-sisu-roed-hytte\/#breadcrumb\"},\"inLanguage\":\"da-DK\",\"potentialAction\":[{\"@type\":\"ReadAction\",\"target\":[\"https:\/\/v1.arcticexcursions.com\/da\/udflugter\/kang-skicenter-2-naetter-i-sisu-roed-hytte\/\"]}]},{\"@type\":\"ImageObject\",\"inLanguage\":\"da-DK\",\"@id\":\"https:\/\/v1.arcticexcursions.com\/da\/udflugter\/kang-skicenter-2-naetter-i-sisu-roed-hytte\/#primaryimage\",\"url\":\"https:\/\/v1.arcticexcursions.com\/wp-content\/uploads\/2024\/01\/368807937_739928691478322_4856774826077162323_n.jpg\",\"contentUrl\":\"https:\/\/v1.arcticexcursions.com\/wp-content\/uploads\/2024\/01\/368807937_739928691478322_4856774826077162323_n.jpg\",\"width\":960,\"height\":720},{\"@type\":\"BreadcrumbList\",\"@id\":\"https:\/\/v1.arcticexcursions.com\/da\/udflugter\/kang-skicenter-2-naetter-i-sisu-roed-hytte\/#breadcrumb\",\"itemListElement\":[{\"@type\":\"ListItem\",\"position\":1,\"name\":\"Home\",\"item\":\"https:\/\/v1.arcticexcursions.com\/da\/\"},{\"@type\":\"ListItem\",\"position\":2,\"name\":\"Udflugter i Gr\u00f8nland\",\"item\":\"https:\/\/v1.arcticexcursions.com\/da\/udflugter\/\"},{\"@type\":\"ListItem\",\"position\":3,\"name\":\"Kang Skicenter &#8211; 1 Nat i SISU (R\u00f8d hytte)\"}]},{\"@type\":\"WebSite\",\"@id\":\"https:\/\/v1.arcticexcursions.com\/#website\",\"url\":\"https:\/\/v1.arcticexcursions.com\/\",\"name\":\"Arctic Excursions\",\"description\":\"New adventures. Every day.\",\"publisher\":{\"@id\":\"https:\/\/v1.arcticexcursions.com\/#organization\"},\"potentialAction\":[{\"@type\":\"SearchAction\",\"target\":{\"@type\":\"EntryPoint\",\"urlTemplate\":\"https:\/\/v1.arcticexcursions.com\/?s={search_term_string}\"},\"query-input\":{\"@type\":\"PropertyValueSpecification\",\"valueRequired\":true,\"valueName\":\"search_term_string\"}}],\"inLanguage\":\"da-DK\"},{\"@type\":\"Organization\",\"@id\":\"https:\/\/v1.arcticexcursions.com\/#organization\",\"name\":\"Arctic Excursions\",\"url\":\"https:\/\/v1.arcticexcursions.com\/\",\"logo\":{\"@type\":\"ImageObject\",\"inLanguage\":\"da-DK\",\"@id\":\"https:\/\/v1.arcticexcursions.com\/#\/schema\/logo\/image\/\",\"url\":\"https:\/\/arcticexcursions.com\/wp-content\/uploads\/2022\/11\/fb-logo.png\",\"contentUrl\":\"https:\/\/arcticexcursions.com\/wp-content\/uploads\/2022\/11\/fb-logo.png\",\"width\":523,\"height\":523,\"caption\":\"Arctic Excursions\"},\"image\":{\"@id\":\"https:\/\/v1.arcticexcursions.com\/#\/schema\/logo\/image\/\"}}]}<\/script>\n<!-- \/ Yoast SEO plugin. -->","yoast_head_json":{"title":"Arctic Excursions","robots":{"index":"noindex","follow":"follow","max-snippet":"max-snippet:-1","max-image-preview":"max-image-preview:large","max-video-preview":"max-video-preview:-1"},"og_locale":"da_DK","og_type":"article","og_title":"Kang Skicenter - 1 Nat i SISU (R\u00f8d hytte) - Arctic Excursions","og_description":"Kom lidt v\u00e6k fra byen og nyde stilheden i Kobbefjorden, uden elektricitet, mobild\u00e6kning og internet","og_url":"https:\/\/v1.arcticexcursions.com\/da\/udflugter\/kang-skicenter-2-naetter-i-sisu-roed-hytte\/","og_site_name":"Arctic Excursions","article_modified_time":"2025-04-14T12:54:46+00:00","og_image":[{"width":960,"height":720,"url":"https:\/\/v1.arcticexcursions.com\/wp-content\/uploads\/2024\/01\/368807937_739928691478322_4856774826077162323_n.jpg","type":"image\/jpeg"}],"twitter_card":"summary_large_image","schema":{"@context":"https:\/\/schema.org","@graph":[{"@type":"WebPage","@id":"https:\/\/v1.arcticexcursions.com\/da\/udflugter\/kang-skicenter-2-naetter-i-sisu-roed-hytte\/","url":"https:\/\/v1.arcticexcursions.com\/da\/udflugter\/kang-skicenter-2-naetter-i-sisu-roed-hytte\/","name":"Kang Skicenter - 1 Nat i SISU (R\u00f8d hytte) - Arctic Excursions","isPartOf":{"@id":"https:\/\/v1.arcticexcursions.com\/#website"},"primaryImageOfPage":{"@id":"https:\/\/v1.arcticexcursions.com\/da\/udflugter\/kang-skicenter-2-naetter-i-sisu-roed-hytte\/#primaryimage"},"image":{"@id":"https:\/\/v1.arcticexcursions.com\/da\/udflugter\/kang-skicenter-2-naetter-i-sisu-roed-hytte\/#primaryimage"},"thumbnailUrl":"https:\/\/v1.arcticexcursions.com\/wp-content\/uploads\/2024\/01\/368807937_739928691478322_4856774826077162323_n.jpg","datePublished":"2024-06-27T09:33:42+00:00","dateModified":"2025-04-14T12:54:46+00:00","breadcrumb":{"@id":"https:\/\/v1.arcticexcursions.com\/da\/udflugter\/kang-skicenter-2-naetter-i-sisu-roed-hytte\/#breadcrumb"},"inLanguage":"da-DK","potentialAction":[{"@type":"ReadAction","target":["https:\/\/v1.arcticexcursions.com\/da\/udflugter\/kang-skicenter-2-naetter-i-sisu-roed-hytte\/"]}]},{"@type":"ImageObject","inLanguage":"da-DK","@id":"https:\/\/v1.arcticexcursions.com\/da\/udflugter\/kang-skicenter-2-naetter-i-sisu-roed-hytte\/#primaryimage","url":"https:\/\/v1.arcticexcursions.com\/wp-content\/uploads\/2024\/01\/368807937_739928691478322_4856774826077162323_n.jpg","contentUrl":"https:\/\/v1.arcticexcursions.com\/wp-content\/uploads\/2024\/01\/368807937_739928691478322_4856774826077162323_n.jpg","width":960,"height":720},{"@type":"BreadcrumbList","@id":"https:\/\/v1.arcticexcursions.com\/da\/udflugter\/kang-skicenter-2-naetter-i-sisu-roed-hytte\/#breadcrumb","itemListElement":[{"@type":"ListItem","position":1,"name":"Home","item":"https:\/\/v1.arcticexcursions.com\/da\/"},{"@type":"ListItem","position":2,"name":"Udflugter i Gr\u00f8nland","item":"https:\/\/v1.arcticexcursions.com\/da\/udflugter\/"},{"@type":"ListItem","position":3,"name":"Kang Skicenter &#8211; 1 Nat i SISU (R\u00f8d hytte)"}]},{"@type":"WebSite","@id":"https:\/\/v1.arcticexcursions.com\/#website","url":"https:\/\/v1.arcticexcursions.com\/","name":"Arctic Excursions","description":"New adventures. Every day.","publisher":{"@id":"https:\/\/v1.arcticexcursions.com\/#organization"},"potentialAction":[{"@type":"SearchAction","target":{"@type":"EntryPoint","urlTemplate":"https:\/\/v1.arcticexcursions.com\/?s={search_term_string}"},"query-input":{"@type":"PropertyValueSpecification","valueRequired":true,"valueName":"search_term_string"}}],"inLanguage":"da-DK"},{"@type":"Organization","@id":"https:\/\/v1.arcticexcursions.com\/#organization","name":"Arctic Excursions","url":"https:\/\/v1.arcticexcursions.com\/","logo":{"@type":"ImageObject","inLanguage":"da-DK","@id":"https:\/\/v1.arcticexcursions.com\/#\/schema\/logo\/image\/","url":"https:\/\/arcticexcursions.com\/wp-content\/uploads\/2022\/11\/fb-logo.png","contentUrl":"https:\/\/arcticexcursions.com\/wp-content\/uploads\/2022\/11\/fb-logo.png","width":523,"height":523,"caption":"Arctic Excursions"},"image":{"@id":"https:\/\/v1.arcticexcursions.com\/#\/schema\/logo\/image\/"}}]}},"_links":{"self":[{"href":"https:\/\/v1.arcticexcursions.com\/da\/wp-json\/wp\/v2\/product\/28139"}],"collection":[{"href":"https:\/\/v1.arcticexcursions.com\/da\/wp-json\/wp\/v2\/product"}],"about":[{"href":"https:\/\/v1.arcticexcursions.com\/da\/wp-json\/wp\/v2\/types\/product"}],"replies":[{"embeddable":true,"href":"https:\/\/v1.arcticexcursions.com\/da\/wp-json\/wp\/v2\/comments?post=28139"}],"wp:featuredmedia":[{"embeddable":true,"href":"https:\/\/v1.arcticexcursions.com\/da\/wp-json\/wp\/v2\/media\/28137"}],"wp:attachment":[{"href":"https:\/\/v1.arcticexcursions.com\/da\/wp-json\/wp\/v2\/media?parent=28139"}],"wp:term":[{"taxonomy":"product_brand","embeddable":true,"href":"https:\/\/v1.arcticexcursions.com\/da\/wp-json\/wp\/v2\/product_brand?post=28139"},{"taxonomy":"product_cat","embeddable":true,"href":"https:\/\/v1.arcticexcursions.com\/da\/wp-json\/wp\/v2\/product_cat?post=28139"},{"taxonomy":"product_tag","embeddable":true,"href":"https:\/\/v1.arcticexcursions.com\/da\/wp-json\/wp\/v2\/product_tag?post=28139"}],"curies":[{"name":"wp","href":"https:\/\/api.w.org\/{rel}","templated":true}]}}