{"id":26804,"date":"2024-01-22T12:43:57","date_gmt":"2024-01-22T10:43:57","guid":{"rendered":"https:\/\/arcticexcursions.com\/?post_type=product&#038;p=26804"},"modified":"2025-11-04T19:10:15","modified_gmt":"2025-11-04T17:10:15","slug":"fjord-adventure-cruise-ship","status":"publish","type":"product","link":"https:\/\/v1.arcticexcursions.com\/da\/udflugter\/fjord-adventure-cruise-ship\/","title":{"rendered":"Fjordeventyr &#8211; Krydstogtg\u00e6ster"},"content":{"rendered":"<p>Tag med p\u00e5 en uforglemmelig rejse gennem den betagende Nuuk Fjord og oplev et eventyr, der vil v\u00e6kke dine sanser og fordybe dig i det magiske arktiske landskab.<\/p>\n<p>Eventyrscenen, der udfolder sig i Nuuk Fjord, str\u00e6kker sig over 1,5 timer og bringer dig t\u00e6ttere p\u00e5 naturens storsl\u00e5ede kr\u00e6fter. Fokuserende p\u00e5 det majest\u00e6tiske fjordsystem, hvor iskolde vande m\u00f8der t\u00e5rnh\u00f8je isformationer, \u00e5bner turen op for muligheden for at opleve hvaler i deres naturlige habitat.<\/p>\n<p>Atmosf\u00e6ren er en blanding af \u00e6refrygt og ro, og du vil blive fanget af det fredfyldte, vidstrakte vand, der omgiver dig. Den unikke sk\u00f8nhed i Nuuk Fjords omgivelser vil give dig et indblik i den magi, der gemmer sig i Gr\u00f8nlands arktiske landskab.<\/p>\n<p><b>Vigtig information til deltagerne:<\/b><br \/>\nFor at sikre din komfort under dette udend\u00f8rs eventyr anbefaler vi, at du kl\u00e6der dig varmt p\u00e5. Vi s\u00f8rger for varm kaffe og te, der vil holde dig hyggelig undervejs. Som en ekstra bonus har du ogs\u00e5 mulighed for at opleve den forfriskende smag af ferskvand, hentet direkte fra et n\u00e6rliggende vandfald.<\/p>\n<p>Bem\u00e6rk venligst, at dette eventyr kr\u00e6ver et minimum af fire deltagere i alt.<\/p>\n<p>Vi ser frem til at dele denne fantastiske oplevelse med dig, hvor naturens storsl\u00e5ede sk\u00f8nhed venter p\u00e5 at blive udforsket og beundret.<\/p>\n<p><b>Varighed:<\/b> 1,5 timer <\/p>\n<p><b>Deltagere:<\/b> Bem\u00e6rk venligst, at udflugten kun gennemf\u00f8res, hvis der er mindst 4 bookede billetter i alt. Hvis du for eksempel booker 2 billetter, skal der s\u00e6lges mindst 2 yderligere billetter til andre kunder, f\u00f8r turen kan finde sted. Der vil deltage maksimalt 8 personer. <\/p>\n<p><b>Sprog:<\/b> Guiden\/kaptajnen taler dansk, engelsk og gr\u00f8nlandsk <\/p>\n<p><b>B\u00e5dtype:<\/b> Lukket b\u00e5d <\/p>\n<p><b>Toiletforhold:<\/b> Der er toilet p\u00e5 b\u00e5den <\/p>\n<p><b>Forplejning:<\/b> Kaffe og te serveres p\u00e5 b\u00e5den <\/p>\n<p><b>Anbefalet p\u00e5kl\u00e6dning:<\/b> Varmt t\u00f8j inkl. hue og handsker hele \u00e5ret. Solbriller. Solcreme om sommeren.<\/p>\n","protected":false},"excerpt":{"rendered":"<p>Fjordeventyr i Nuuk: En rejse ind i det n\u00e6stst\u00f8rste fjordsystem i verden<\/p>\n","protected":false},"featured_media":26802,"comment_status":"open","ping_status":"closed","template":"","meta":{"_acf_changed":false},"product_brand":[],"product_cat":[101,170],"product_tag":[],"class_list":{"0":"post-26804","1":"product","2":"type-product","3":"status-publish","4":"has-post-thumbnail","6":"product_cat-tour","7":"product_cat-udflugt","8":"pa_dato-1028","9":"pa_dato-967","10":"pa_dato-5892","11":"pa_dato-5953","12":"pa_tidspunkt-70","13":"pa_tidspunkt-72","14":"pa_tidspunkt-304","15":"pa_tidspunkt-568","16":"pa_tidspunkt-177","17":"pa_tidspunkt-314","18":"pa_tidspunkt-317","19":"pa_tidspunkt-61","20":"pa_tidspunkt-93","21":"pa_tidspunkt-110","22":"tour_location-nuuk-da","23":"tour_type-baadture","24":"tour_tickettype-arctic_excursions","25":"tour_operator-sumut-greenland","27":"first","28":"outofstock","29":"shipping-taxable","30":"product-type-variable"},"acf":[],"yoast_head":"<!-- This site is optimized with the Yoast SEO plugin v23.6 - https:\/\/yoast.com\/wordpress\/plugins\/seo\/ -->\n<title>Arctic Excursions<\/title>\n<meta name=\"robots\" content=\"noindex, follow, max-snippet:-1, max-image-preview:large, max-video-preview:-1\" \/>\n<meta property=\"og:locale\" content=\"da_DK\" \/>\n<meta property=\"og:type\" content=\"article\" \/>\n<meta property=\"og:title\" content=\"Fjordeventyr - Krydstogtg\u00e6ster - Arctic Excursions\" \/>\n<meta property=\"og:description\" content=\"Fjordeventyr i Nuuk: En rejse ind i det n\u00e6stst\u00f8rste fjordsystem i verden\" \/>\n<meta property=\"og:url\" content=\"https:\/\/v1.arcticexcursions.com\/da\/udflugter\/fjord-adventure-cruise-ship\/\" \/>\n<meta property=\"og:site_name\" content=\"Arctic Excursions\" \/>\n<meta property=\"article:modified_time\" content=\"2025-11-04T17:10:15+00:00\" \/>\n<meta property=\"og:image\" content=\"https:\/\/v1.arcticexcursions.com\/wp-content\/uploads\/2023\/12\/kanassut2-scaled.jpg\" \/>\n\t<meta property=\"og:image:width\" content=\"2560\" \/>\n\t<meta property=\"og:image:height\" content=\"2192\" \/>\n\t<meta property=\"og:image:type\" content=\"image\/jpeg\" \/>\n<meta name=\"twitter:card\" content=\"summary_large_image\" \/>\n<meta name=\"twitter:label1\" content=\"Estimeret l\u00e6setid\" \/>\n\t<meta name=\"twitter:data1\" content=\"2 minutter\" \/>\n<script type=\"application\/ld+json\" class=\"yoast-schema-graph\">{\"@context\":\"https:\/\/schema.org\",\"@graph\":[{\"@type\":\"WebPage\",\"@id\":\"https:\/\/v1.arcticexcursions.com\/da\/udflugter\/fjord-adventure-cruise-ship\/\",\"url\":\"https:\/\/v1.arcticexcursions.com\/da\/udflugter\/fjord-adventure-cruise-ship\/\",\"name\":\"Fjordeventyr - Krydstogtg\u00e6ster - Arctic Excursions\",\"isPartOf\":{\"@id\":\"https:\/\/v1.arcticexcursions.com\/#website\"},\"primaryImageOfPage\":{\"@id\":\"https:\/\/v1.arcticexcursions.com\/da\/udflugter\/fjord-adventure-cruise-ship\/#primaryimage\"},\"image\":{\"@id\":\"https:\/\/v1.arcticexcursions.com\/da\/udflugter\/fjord-adventure-cruise-ship\/#primaryimage\"},\"thumbnailUrl\":\"https:\/\/v1.arcticexcursions.com\/wp-content\/uploads\/2023\/12\/kanassut2-scaled.jpg\",\"datePublished\":\"2024-01-22T10:43:57+00:00\",\"dateModified\":\"2025-11-04T17:10:15+00:00\",\"breadcrumb\":{\"@id\":\"https:\/\/v1.arcticexcursions.com\/da\/udflugter\/fjord-adventure-cruise-ship\/#breadcrumb\"},\"inLanguage\":\"da-DK\",\"potentialAction\":[{\"@type\":\"ReadAction\",\"target\":[\"https:\/\/v1.arcticexcursions.com\/da\/udflugter\/fjord-adventure-cruise-ship\/\"]}]},{\"@type\":\"ImageObject\",\"inLanguage\":\"da-DK\",\"@id\":\"https:\/\/v1.arcticexcursions.com\/da\/udflugter\/fjord-adventure-cruise-ship\/#primaryimage\",\"url\":\"https:\/\/v1.arcticexcursions.com\/wp-content\/uploads\/2023\/12\/kanassut2-scaled.jpg\",\"contentUrl\":\"https:\/\/v1.arcticexcursions.com\/wp-content\/uploads\/2023\/12\/kanassut2-scaled.jpg\",\"width\":2560,\"height\":2192},{\"@type\":\"BreadcrumbList\",\"@id\":\"https:\/\/v1.arcticexcursions.com\/da\/udflugter\/fjord-adventure-cruise-ship\/#breadcrumb\",\"itemListElement\":[{\"@type\":\"ListItem\",\"position\":1,\"name\":\"Home\",\"item\":\"https:\/\/v1.arcticexcursions.com\/da\/\"},{\"@type\":\"ListItem\",\"position\":2,\"name\":\"Udflugter i Gr\u00f8nland\",\"item\":\"https:\/\/v1.arcticexcursions.com\/da\/udflugter\/\"},{\"@type\":\"ListItem\",\"position\":3,\"name\":\"Fjordeventyr &#8211; Krydstogtg\u00e6ster\"}]},{\"@type\":\"WebSite\",\"@id\":\"https:\/\/v1.arcticexcursions.com\/#website\",\"url\":\"https:\/\/v1.arcticexcursions.com\/\",\"name\":\"Arctic Excursions\",\"description\":\"New adventures. Every day.\",\"publisher\":{\"@id\":\"https:\/\/v1.arcticexcursions.com\/#organization\"},\"potentialAction\":[{\"@type\":\"SearchAction\",\"target\":{\"@type\":\"EntryPoint\",\"urlTemplate\":\"https:\/\/v1.arcticexcursions.com\/?s={search_term_string}\"},\"query-input\":{\"@type\":\"PropertyValueSpecification\",\"valueRequired\":true,\"valueName\":\"search_term_string\"}}],\"inLanguage\":\"da-DK\"},{\"@type\":\"Organization\",\"@id\":\"https:\/\/v1.arcticexcursions.com\/#organization\",\"name\":\"Arctic Excursions\",\"url\":\"https:\/\/v1.arcticexcursions.com\/\",\"logo\":{\"@type\":\"ImageObject\",\"inLanguage\":\"da-DK\",\"@id\":\"https:\/\/v1.arcticexcursions.com\/#\/schema\/logo\/image\/\",\"url\":\"https:\/\/arcticexcursions.com\/wp-content\/uploads\/2022\/11\/fb-logo.png\",\"contentUrl\":\"https:\/\/arcticexcursions.com\/wp-content\/uploads\/2022\/11\/fb-logo.png\",\"width\":523,\"height\":523,\"caption\":\"Arctic Excursions\"},\"image\":{\"@id\":\"https:\/\/v1.arcticexcursions.com\/#\/schema\/logo\/image\/\"}}]}<\/script>\n<!-- \/ Yoast SEO plugin. -->","yoast_head_json":{"title":"Arctic Excursions","robots":{"index":"noindex","follow":"follow","max-snippet":"max-snippet:-1","max-image-preview":"max-image-preview:large","max-video-preview":"max-video-preview:-1"},"og_locale":"da_DK","og_type":"article","og_title":"Fjordeventyr - Krydstogtg\u00e6ster - Arctic Excursions","og_description":"Fjordeventyr i Nuuk: En rejse ind i det n\u00e6stst\u00f8rste fjordsystem i verden","og_url":"https:\/\/v1.arcticexcursions.com\/da\/udflugter\/fjord-adventure-cruise-ship\/","og_site_name":"Arctic Excursions","article_modified_time":"2025-11-04T17:10:15+00:00","og_image":[{"width":2560,"height":2192,"url":"https:\/\/v1.arcticexcursions.com\/wp-content\/uploads\/2023\/12\/kanassut2-scaled.jpg","type":"image\/jpeg"}],"twitter_card":"summary_large_image","twitter_misc":{"Estimeret l\u00e6setid":"2 minutter"},"schema":{"@context":"https:\/\/schema.org","@graph":[{"@type":"WebPage","@id":"https:\/\/v1.arcticexcursions.com\/da\/udflugter\/fjord-adventure-cruise-ship\/","url":"https:\/\/v1.arcticexcursions.com\/da\/udflugter\/fjord-adventure-cruise-ship\/","name":"Fjordeventyr - Krydstogtg\u00e6ster - Arctic Excursions","isPartOf":{"@id":"https:\/\/v1.arcticexcursions.com\/#website"},"primaryImageOfPage":{"@id":"https:\/\/v1.arcticexcursions.com\/da\/udflugter\/fjord-adventure-cruise-ship\/#primaryimage"},"image":{"@id":"https:\/\/v1.arcticexcursions.com\/da\/udflugter\/fjord-adventure-cruise-ship\/#primaryimage"},"thumbnailUrl":"https:\/\/v1.arcticexcursions.com\/wp-content\/uploads\/2023\/12\/kanassut2-scaled.jpg","datePublished":"2024-01-22T10:43:57+00:00","dateModified":"2025-11-04T17:10:15+00:00","breadcrumb":{"@id":"https:\/\/v1.arcticexcursions.com\/da\/udflugter\/fjord-adventure-cruise-ship\/#breadcrumb"},"inLanguage":"da-DK","potentialAction":[{"@type":"ReadAction","target":["https:\/\/v1.arcticexcursions.com\/da\/udflugter\/fjord-adventure-cruise-ship\/"]}]},{"@type":"ImageObject","inLanguage":"da-DK","@id":"https:\/\/v1.arcticexcursions.com\/da\/udflugter\/fjord-adventure-cruise-ship\/#primaryimage","url":"https:\/\/v1.arcticexcursions.com\/wp-content\/uploads\/2023\/12\/kanassut2-scaled.jpg","contentUrl":"https:\/\/v1.arcticexcursions.com\/wp-content\/uploads\/2023\/12\/kanassut2-scaled.jpg","width":2560,"height":2192},{"@type":"BreadcrumbList","@id":"https:\/\/v1.arcticexcursions.com\/da\/udflugter\/fjord-adventure-cruise-ship\/#breadcrumb","itemListElement":[{"@type":"ListItem","position":1,"name":"Home","item":"https:\/\/v1.arcticexcursions.com\/da\/"},{"@type":"ListItem","position":2,"name":"Udflugter i Gr\u00f8nland","item":"https:\/\/v1.arcticexcursions.com\/da\/udflugter\/"},{"@type":"ListItem","position":3,"name":"Fjordeventyr &#8211; Krydstogtg\u00e6ster"}]},{"@type":"WebSite","@id":"https:\/\/v1.arcticexcursions.com\/#website","url":"https:\/\/v1.arcticexcursions.com\/","name":"Arctic Excursions","description":"New adventures. Every day.","publisher":{"@id":"https:\/\/v1.arcticexcursions.com\/#organization"},"potentialAction":[{"@type":"SearchAction","target":{"@type":"EntryPoint","urlTemplate":"https:\/\/v1.arcticexcursions.com\/?s={search_term_string}"},"query-input":{"@type":"PropertyValueSpecification","valueRequired":true,"valueName":"search_term_string"}}],"inLanguage":"da-DK"},{"@type":"Organization","@id":"https:\/\/v1.arcticexcursions.com\/#organization","name":"Arctic Excursions","url":"https:\/\/v1.arcticexcursions.com\/","logo":{"@type":"ImageObject","inLanguage":"da-DK","@id":"https:\/\/v1.arcticexcursions.com\/#\/schema\/logo\/image\/","url":"https:\/\/arcticexcursions.com\/wp-content\/uploads\/2022\/11\/fb-logo.png","contentUrl":"https:\/\/arcticexcursions.com\/wp-content\/uploads\/2022\/11\/fb-logo.png","width":523,"height":523,"caption":"Arctic Excursions"},"image":{"@id":"https:\/\/v1.arcticexcursions.com\/#\/schema\/logo\/image\/"}}]}},"_links":{"self":[{"href":"https:\/\/v1.arcticexcursions.com\/da\/wp-json\/wp\/v2\/product\/26804"}],"collection":[{"href":"https:\/\/v1.arcticexcursions.com\/da\/wp-json\/wp\/v2\/product"}],"about":[{"href":"https:\/\/v1.arcticexcursions.com\/da\/wp-json\/wp\/v2\/types\/product"}],"replies":[{"embeddable":true,"href":"https:\/\/v1.arcticexcursions.com\/da\/wp-json\/wp\/v2\/comments?post=26804"}],"wp:featuredmedia":[{"embeddable":true,"href":"https:\/\/v1.arcticexcursions.com\/da\/wp-json\/wp\/v2\/media\/26802"}],"wp:attachment":[{"href":"https:\/\/v1.arcticexcursions.com\/da\/wp-json\/wp\/v2\/media?parent=26804"}],"wp:term":[{"taxonomy":"product_brand","embeddable":true,"href":"https:\/\/v1.arcticexcursions.com\/da\/wp-json\/wp\/v2\/product_brand?post=26804"},{"taxonomy":"product_cat","embeddable":true,"href":"https:\/\/v1.arcticexcursions.com\/da\/wp-json\/wp\/v2\/product_cat?post=26804"},{"taxonomy":"product_tag","embeddable":true,"href":"https:\/\/v1.arcticexcursions.com\/da\/wp-json\/wp\/v2\/product_tag?post=26804"}],"curies":[{"name":"wp","href":"https:\/\/api.w.org\/{rel}","templated":true}]}}