{"id":23275,"date":"2023-11-14T13:31:51","date_gmt":"2023-11-14T11:31:51","guid":{"rendered":"https:\/\/arcticexcursions.com\/?post_type=product&#038;p=23275"},"modified":"2025-03-24T15:50:36","modified_gmt":"2025-03-24T13:50:36","slug":"snowmobiling-to-oqaatsut-3-hours","status":"publish","type":"product","link":"https:\/\/v1.arcticexcursions.com\/da\/udflugter\/snowmobiling-to-oqaatsut-3-hours\/","title":{"rendered":"Snescooterk\u00f8rsel til Oqaatsut &#8211; 3 timer"},"content":{"rendered":"<p>Ilulissats bagland byder p\u00e5 smuk natur at udforske. At opdage sned\u00e6kkede dale og bjerge, frosne s\u00f8er, fjorde og havisen er gjort muligt af vores kyndige lokale guider og topmoderne snescootere.<\/p>\n<p>Efter en briefing om betjening af den mobile enhed og sikkerhedsprotokoller, vil din guide vise vej over bjergene og ind i det fantastiske Ilulissat-bagland. <\/p>\n<p>Der er mange fantastiske udsigtspunkter langs ruten, og landskabet er simpelthen uovertruffent. <\/p>\n<p>Vi vil rejse gennem de sned\u00e6kkede bjerge p\u00e5 vej til forskellige udsigtspunkter med udsigt over Ilulissat, Diskobugten og indlandsisen. <\/p>\n<p>Vi vil ogs\u00e5 se hundesl\u00e6der k\u00f8re gennem Isfjorden p\u00e5 jagt efter is at fiske p\u00e5. Vi holder pause ved et af disse udsigtspunkter for at nyde stilheden og en varm drik.<\/p>\n<p><b>Varighed:<\/b> 3 timer<br \/>\n<b>Deltagere:<\/b> Max 2 per snescooter<br \/>\n<b>Hjelm:<\/b> Venligst noter \u00f8nskede hjelmst\u00f8rrelser i &#8220;Ordrenoter&#8221;-tekstfeltet p\u00e5 checkout-siden. Tilg\u00e6ngelige st\u00f8rrelser: M, L, XL, XXL.<\/p>\n","protected":false},"excerpt":{"rendered":"<p>Oplev en sp\u00e6ndende snescootertur til Oqaatsut!<\/p>\n","protected":false},"featured_media":23272,"comment_status":"open","ping_status":"closed","template":"","meta":{"_acf_changed":false},"product_brand":[],"product_cat":[101,170],"product_tag":[],"class_list":{"0":"post-23275","1":"product","2":"type-product","3":"status-publish","4":"has-post-thumbnail","6":"product_cat-tour","7":"product_cat-udflugt","8":"pa_dato-925","9":"pa_dato-926","10":"pa_dato-790","11":"pa_dato-980","12":"pa_dato-791","13":"pa_dato-792","14":"pa_dato-914","15":"pa_dato-977","16":"pa_dato-793","17":"pa_dato-841","18":"pa_dato-794","19":"pa_dato-795","20":"pa_dato-931","21":"pa_dato-981","22":"pa_dato-971","23":"pa_dato-796","24":"pa_dato-984","25":"pa_dato-797","26":"pa_dato-798","27":"pa_dato-932","28":"pa_dato-937","29":"pa_dato-938","30":"pa_dato-799","31":"pa_dato-939","32":"pa_dato-800","33":"pa_dato-801","34":"pa_dato-933","35":"pa_dato-982","36":"pa_dato-983","37":"pa_dato-802","38":"pa_dato-1069","39":"pa_dato-1073","40":"pa_dato-1074","41":"pa_dato-1075","42":"pa_dato-910","43":"pa_dato-940","44":"pa_dato-985","45":"pa_dato-1165","46":"pa_dato-941","47":"pa_dato-942","48":"pa_dato-943","49":"pa_dato-911","50":"pa_dato-1166","51":"pa_dato-1077","52":"pa_dato-1167","53":"pa_dato-810","54":"pa_dato-811","55":"pa_dato-812","56":"pa_dato-813","57":"pa_dato-814","58":"pa_dato-903","59":"pa_dato-905","60":"pa_dato-815","61":"pa_dato-816","62":"pa_dato-944","63":"pa_dato-907","64":"pa_dato-906","65":"pa_dato-854","66":"pa_dato-869","67":"pa_dato-946","68":"pa_dato-1145","69":"pa_dato-945","70":"pa_dato-904","71":"pa_dato-893","72":"pa_dato-1267","73":"pa_tidspunkt-40","74":"pa_tidspunkt-304","75":"pa_tidspunkt-314","76":"tour_location-ilulissat-da","77":"tour_type-snescooter","78":"tour_tickettype-arctic_excursions","79":"tour_operator-unique-tours","81":"first","82":"outofstock","83":"shipping-taxable","84":"product-type-variable"},"acf":[],"yoast_head":"<!-- This site is optimized with the Yoast SEO plugin v23.6 - https:\/\/yoast.com\/wordpress\/plugins\/seo\/ -->\n<title>Arctic Excursions<\/title>\n<meta name=\"robots\" content=\"noindex, follow, max-snippet:-1, max-image-preview:large, max-video-preview:-1\" \/>\n<meta property=\"og:locale\" content=\"da_DK\" \/>\n<meta property=\"og:type\" content=\"article\" \/>\n<meta property=\"og:title\" content=\"Snescooterk\u00f8rsel til Oqaatsut - 3 timer - Arctic Excursions\" \/>\n<meta property=\"og:description\" content=\"Oplev en sp\u00e6ndende snescootertur til Oqaatsut!\" \/>\n<meta property=\"og:url\" content=\"https:\/\/v1.arcticexcursions.com\/da\/udflugter\/snowmobiling-to-oqaatsut-3-hours\/\" \/>\n<meta property=\"og:site_name\" content=\"Arctic Excursions\" \/>\n<meta property=\"article:modified_time\" content=\"2025-03-24T13:50:36+00:00\" \/>\n<meta property=\"og:image\" content=\"https:\/\/v1.arcticexcursions.com\/wp-content\/uploads\/2023\/11\/IMG_9347-1.jpg\" \/>\n\t<meta property=\"og:image:width\" content=\"1536\" \/>\n\t<meta property=\"og:image:height\" content=\"1610\" \/>\n\t<meta property=\"og:image:type\" content=\"image\/jpeg\" \/>\n<meta name=\"twitter:card\" content=\"summary_large_image\" \/>\n<meta name=\"twitter:label1\" content=\"Estimeret l\u00e6setid\" \/>\n\t<meta name=\"twitter:data1\" content=\"1 minut\" \/>\n<script type=\"application\/ld+json\" class=\"yoast-schema-graph\">{\"@context\":\"https:\/\/schema.org\",\"@graph\":[{\"@type\":\"WebPage\",\"@id\":\"https:\/\/v1.arcticexcursions.com\/da\/udflugter\/snowmobiling-to-oqaatsut-3-hours\/\",\"url\":\"https:\/\/v1.arcticexcursions.com\/da\/udflugter\/snowmobiling-to-oqaatsut-3-hours\/\",\"name\":\"Snescooterk\u00f8rsel til Oqaatsut - 3 timer - Arctic Excursions\",\"isPartOf\":{\"@id\":\"https:\/\/v1.arcticexcursions.com\/#website\"},\"primaryImageOfPage\":{\"@id\":\"https:\/\/v1.arcticexcursions.com\/da\/udflugter\/snowmobiling-to-oqaatsut-3-hours\/#primaryimage\"},\"image\":{\"@id\":\"https:\/\/v1.arcticexcursions.com\/da\/udflugter\/snowmobiling-to-oqaatsut-3-hours\/#primaryimage\"},\"thumbnailUrl\":\"https:\/\/v1.arcticexcursions.com\/wp-content\/uploads\/2023\/11\/IMG_9347-1.jpg\",\"datePublished\":\"2023-11-14T11:31:51+00:00\",\"dateModified\":\"2025-03-24T13:50:36+00:00\",\"breadcrumb\":{\"@id\":\"https:\/\/v1.arcticexcursions.com\/da\/udflugter\/snowmobiling-to-oqaatsut-3-hours\/#breadcrumb\"},\"inLanguage\":\"da-DK\",\"potentialAction\":[{\"@type\":\"ReadAction\",\"target\":[\"https:\/\/v1.arcticexcursions.com\/da\/udflugter\/snowmobiling-to-oqaatsut-3-hours\/\"]}]},{\"@type\":\"ImageObject\",\"inLanguage\":\"da-DK\",\"@id\":\"https:\/\/v1.arcticexcursions.com\/da\/udflugter\/snowmobiling-to-oqaatsut-3-hours\/#primaryimage\",\"url\":\"https:\/\/v1.arcticexcursions.com\/wp-content\/uploads\/2023\/11\/IMG_9347-1.jpg\",\"contentUrl\":\"https:\/\/v1.arcticexcursions.com\/wp-content\/uploads\/2023\/11\/IMG_9347-1.jpg\",\"width\":1536,\"height\":1610},{\"@type\":\"BreadcrumbList\",\"@id\":\"https:\/\/v1.arcticexcursions.com\/da\/udflugter\/snowmobiling-to-oqaatsut-3-hours\/#breadcrumb\",\"itemListElement\":[{\"@type\":\"ListItem\",\"position\":1,\"name\":\"Home\",\"item\":\"https:\/\/v1.arcticexcursions.com\/da\/\"},{\"@type\":\"ListItem\",\"position\":2,\"name\":\"Udflugter i Gr\u00f8nland\",\"item\":\"https:\/\/v1.arcticexcursions.com\/da\/udflugter\/\"},{\"@type\":\"ListItem\",\"position\":3,\"name\":\"Snescooterk\u00f8rsel til Oqaatsut &#8211; 3 timer\"}]},{\"@type\":\"WebSite\",\"@id\":\"https:\/\/v1.arcticexcursions.com\/#website\",\"url\":\"https:\/\/v1.arcticexcursions.com\/\",\"name\":\"Arctic Excursions\",\"description\":\"New adventures. Every day.\",\"publisher\":{\"@id\":\"https:\/\/v1.arcticexcursions.com\/#organization\"},\"potentialAction\":[{\"@type\":\"SearchAction\",\"target\":{\"@type\":\"EntryPoint\",\"urlTemplate\":\"https:\/\/v1.arcticexcursions.com\/?s={search_term_string}\"},\"query-input\":{\"@type\":\"PropertyValueSpecification\",\"valueRequired\":true,\"valueName\":\"search_term_string\"}}],\"inLanguage\":\"da-DK\"},{\"@type\":\"Organization\",\"@id\":\"https:\/\/v1.arcticexcursions.com\/#organization\",\"name\":\"Arctic Excursions\",\"url\":\"https:\/\/v1.arcticexcursions.com\/\",\"logo\":{\"@type\":\"ImageObject\",\"inLanguage\":\"da-DK\",\"@id\":\"https:\/\/v1.arcticexcursions.com\/#\/schema\/logo\/image\/\",\"url\":\"https:\/\/arcticexcursions.com\/wp-content\/uploads\/2022\/11\/fb-logo.png\",\"contentUrl\":\"https:\/\/arcticexcursions.com\/wp-content\/uploads\/2022\/11\/fb-logo.png\",\"width\":523,\"height\":523,\"caption\":\"Arctic Excursions\"},\"image\":{\"@id\":\"https:\/\/v1.arcticexcursions.com\/#\/schema\/logo\/image\/\"}}]}<\/script>\n<!-- \/ Yoast SEO plugin. -->","yoast_head_json":{"title":"Arctic Excursions","robots":{"index":"noindex","follow":"follow","max-snippet":"max-snippet:-1","max-image-preview":"max-image-preview:large","max-video-preview":"max-video-preview:-1"},"og_locale":"da_DK","og_type":"article","og_title":"Snescooterk\u00f8rsel til Oqaatsut - 3 timer - Arctic Excursions","og_description":"Oplev en sp\u00e6ndende snescootertur til Oqaatsut!","og_url":"https:\/\/v1.arcticexcursions.com\/da\/udflugter\/snowmobiling-to-oqaatsut-3-hours\/","og_site_name":"Arctic Excursions","article_modified_time":"2025-03-24T13:50:36+00:00","og_image":[{"width":1536,"height":1610,"url":"https:\/\/v1.arcticexcursions.com\/wp-content\/uploads\/2023\/11\/IMG_9347-1.jpg","type":"image\/jpeg"}],"twitter_card":"summary_large_image","twitter_misc":{"Estimeret l\u00e6setid":"1 minut"},"schema":{"@context":"https:\/\/schema.org","@graph":[{"@type":"WebPage","@id":"https:\/\/v1.arcticexcursions.com\/da\/udflugter\/snowmobiling-to-oqaatsut-3-hours\/","url":"https:\/\/v1.arcticexcursions.com\/da\/udflugter\/snowmobiling-to-oqaatsut-3-hours\/","name":"Snescooterk\u00f8rsel til Oqaatsut - 3 timer - Arctic Excursions","isPartOf":{"@id":"https:\/\/v1.arcticexcursions.com\/#website"},"primaryImageOfPage":{"@id":"https:\/\/v1.arcticexcursions.com\/da\/udflugter\/snowmobiling-to-oqaatsut-3-hours\/#primaryimage"},"image":{"@id":"https:\/\/v1.arcticexcursions.com\/da\/udflugter\/snowmobiling-to-oqaatsut-3-hours\/#primaryimage"},"thumbnailUrl":"https:\/\/v1.arcticexcursions.com\/wp-content\/uploads\/2023\/11\/IMG_9347-1.jpg","datePublished":"2023-11-14T11:31:51+00:00","dateModified":"2025-03-24T13:50:36+00:00","breadcrumb":{"@id":"https:\/\/v1.arcticexcursions.com\/da\/udflugter\/snowmobiling-to-oqaatsut-3-hours\/#breadcrumb"},"inLanguage":"da-DK","potentialAction":[{"@type":"ReadAction","target":["https:\/\/v1.arcticexcursions.com\/da\/udflugter\/snowmobiling-to-oqaatsut-3-hours\/"]}]},{"@type":"ImageObject","inLanguage":"da-DK","@id":"https:\/\/v1.arcticexcursions.com\/da\/udflugter\/snowmobiling-to-oqaatsut-3-hours\/#primaryimage","url":"https:\/\/v1.arcticexcursions.com\/wp-content\/uploads\/2023\/11\/IMG_9347-1.jpg","contentUrl":"https:\/\/v1.arcticexcursions.com\/wp-content\/uploads\/2023\/11\/IMG_9347-1.jpg","width":1536,"height":1610},{"@type":"BreadcrumbList","@id":"https:\/\/v1.arcticexcursions.com\/da\/udflugter\/snowmobiling-to-oqaatsut-3-hours\/#breadcrumb","itemListElement":[{"@type":"ListItem","position":1,"name":"Home","item":"https:\/\/v1.arcticexcursions.com\/da\/"},{"@type":"ListItem","position":2,"name":"Udflugter i Gr\u00f8nland","item":"https:\/\/v1.arcticexcursions.com\/da\/udflugter\/"},{"@type":"ListItem","position":3,"name":"Snescooterk\u00f8rsel til Oqaatsut &#8211; 3 timer"}]},{"@type":"WebSite","@id":"https:\/\/v1.arcticexcursions.com\/#website","url":"https:\/\/v1.arcticexcursions.com\/","name":"Arctic Excursions","description":"New adventures. Every day.","publisher":{"@id":"https:\/\/v1.arcticexcursions.com\/#organization"},"potentialAction":[{"@type":"SearchAction","target":{"@type":"EntryPoint","urlTemplate":"https:\/\/v1.arcticexcursions.com\/?s={search_term_string}"},"query-input":{"@type":"PropertyValueSpecification","valueRequired":true,"valueName":"search_term_string"}}],"inLanguage":"da-DK"},{"@type":"Organization","@id":"https:\/\/v1.arcticexcursions.com\/#organization","name":"Arctic Excursions","url":"https:\/\/v1.arcticexcursions.com\/","logo":{"@type":"ImageObject","inLanguage":"da-DK","@id":"https:\/\/v1.arcticexcursions.com\/#\/schema\/logo\/image\/","url":"https:\/\/arcticexcursions.com\/wp-content\/uploads\/2022\/11\/fb-logo.png","contentUrl":"https:\/\/arcticexcursions.com\/wp-content\/uploads\/2022\/11\/fb-logo.png","width":523,"height":523,"caption":"Arctic Excursions"},"image":{"@id":"https:\/\/v1.arcticexcursions.com\/#\/schema\/logo\/image\/"}}]}},"_links":{"self":[{"href":"https:\/\/v1.arcticexcursions.com\/da\/wp-json\/wp\/v2\/product\/23275"}],"collection":[{"href":"https:\/\/v1.arcticexcursions.com\/da\/wp-json\/wp\/v2\/product"}],"about":[{"href":"https:\/\/v1.arcticexcursions.com\/da\/wp-json\/wp\/v2\/types\/product"}],"replies":[{"embeddable":true,"href":"https:\/\/v1.arcticexcursions.com\/da\/wp-json\/wp\/v2\/comments?post=23275"}],"wp:featuredmedia":[{"embeddable":true,"href":"https:\/\/v1.arcticexcursions.com\/da\/wp-json\/wp\/v2\/media\/23272"}],"wp:attachment":[{"href":"https:\/\/v1.arcticexcursions.com\/da\/wp-json\/wp\/v2\/media?parent=23275"}],"wp:term":[{"taxonomy":"product_brand","embeddable":true,"href":"https:\/\/v1.arcticexcursions.com\/da\/wp-json\/wp\/v2\/product_brand?post=23275"},{"taxonomy":"product_cat","embeddable":true,"href":"https:\/\/v1.arcticexcursions.com\/da\/wp-json\/wp\/v2\/product_cat?post=23275"},{"taxonomy":"product_tag","embeddable":true,"href":"https:\/\/v1.arcticexcursions.com\/da\/wp-json\/wp\/v2\/product_tag?post=23275"}],"curies":[{"name":"wp","href":"https:\/\/api.w.org\/{rel}","templated":true}]}}