{"id":15764,"date":"2023-06-20T15:05:20","date_gmt":"2023-06-20T13:05:20","guid":{"rendered":"https:\/\/arcticexcursions.com\/?post_type=product&#038;p=15764"},"modified":"2025-10-24T13:14:49","modified_gmt":"2025-10-24T11:14:49","slug":"hundeslaede-tur","status":"publish","type":"product","link":"https:\/\/v1.arcticexcursions.com\/da\/udflugter\/hundeslaede-tur\/","title":{"rendered":"Hundesl\u00e6detur \u00ed Qeqertarsuaq"},"content":{"rendered":"<p>Vil du gerne pr\u00f8ve hundesl\u00e6detur i Qeqertarsuaq? <\/p>\n<p>Her kan du opleve en \u00e6gte hundesl\u00e6detur med en gr\u00f8nlandsk hundesl\u00e6de-guide.<br \/>\nQeqertarsuaq er kendt for sine smukke omgivelser, og det er netop det, jeg gerne vil have dig til at opleve p\u00e5 denne hundesl\u00e6detur med os.<\/p>\n<p><b>Varighed:<\/b> 2 timer<\/p>\n<p><b>Sprog:<\/b> Guiden taler engelsk, dansk og gr\u00f8nlandsk.<\/p>\n<p><b>Praktisk info:<\/b> Anbefales ikke til personer med alvorlige rygproblemer.<\/p>\n<p><b>Anbefalet p\u00e5kl\u00e6dning:<\/b> Praktiske sko og varmt t\u00f8j, inkl. hue og handsker.<\/p>\n","protected":false},"excerpt":{"rendered":"<p>Oplev en sl\u00e6dehundetur i Qeqertarsuaq!<\/p>\n","protected":false},"featured_media":20729,"comment_status":"open","ping_status":"closed","template":"","meta":{"_acf_changed":false},"product_brand":[],"product_cat":[170],"product_tag":[],"class_list":{"0":"post-15764","1":"product","2":"type-product","3":"status-publish","4":"has-post-thumbnail","6":"product_cat-udflugt","7":"pa_dato-781","8":"pa_dato-974","9":"pa_dato-782","10":"pa_dato-783","11":"pa_dato-913","12":"pa_dato-975","13":"pa_dato-969","14":"pa_dato-784","15":"pa_dato-1068","16":"pa_dato-785","17":"pa_dato-786","18":"pa_dato-915","19":"pa_dato-976","20":"pa_dato-978","21":"pa_dato-787","22":"pa_dato-979","23":"pa_dato-788","24":"pa_dato-789","25":"pa_dato-916","26":"pa_dato-925","27":"pa_dato-926","28":"pa_dato-790","29":"pa_dato-980","30":"pa_dato-791","31":"pa_dato-792","32":"pa_dato-914","33":"pa_dato-977","34":"pa_dato-970","35":"pa_dato-793","36":"pa_dato-841","37":"pa_dato-794","38":"pa_dato-795","39":"pa_dato-931","40":"pa_dato-981","41":"pa_dato-971","42":"pa_dato-796","43":"pa_dato-984","44":"pa_dato-797","45":"pa_dato-798","46":"pa_dato-932","47":"pa_dato-937","48":"pa_dato-938","49":"pa_dato-799","50":"pa_dato-939","51":"pa_dato-800","52":"pa_dato-801","53":"pa_dato-933","54":"pa_dato-982","55":"pa_dato-983","56":"pa_dato-802","57":"pa_dato-810","58":"pa_dato-811","59":"pa_dato-812","60":"pa_dato-813","61":"pa_dato-814","62":"pa_dato-815","63":"pa_dato-816","64":"pa_dato-854","65":"pa_dato-870","66":"pa_dato-884","67":"pa_dato-858","68":"pa_dato-860","69":"pa_dato-889","70":"pa_dato-876","71":"pa_dato-1078","72":"pa_dato-1181","73":"pa_dato-893","74":"pa_dato-1079","75":"pa_dato-1157","76":"pa_dato-894","77":"pa_dato-1270","78":"pa_tidspunkt-40","79":"pa_tidspunkt-314","80":"tour_location-qeqertarsuaq-da","81":"tour_type-hundeslaede","82":"tour_tickettype-arctic_excursions","83":"tour_operator-qeqertarsuaq-tours","85":"first","86":"outofstock","87":"shipping-taxable","88":"product-type-variable"},"acf":[],"yoast_head":"<!-- This site is optimized with the Yoast SEO plugin v23.6 - https:\/\/yoast.com\/wordpress\/plugins\/seo\/ -->\n<title>Arctic Excursions<\/title>\n<meta name=\"robots\" content=\"noindex, follow, max-snippet:-1, max-image-preview:large, max-video-preview:-1\" \/>\n<meta property=\"og:locale\" content=\"da_DK\" \/>\n<meta property=\"og:type\" content=\"article\" \/>\n<meta property=\"og:title\" content=\"Hundesl\u00e6detur \u00ed Qeqertarsuaq - Arctic Excursions\" \/>\n<meta property=\"og:description\" content=\"Oplev en sl\u00e6dehundetur i Qeqertarsuaq!\" \/>\n<meta property=\"og:url\" content=\"https:\/\/v1.arcticexcursions.com\/da\/udflugter\/hundeslaede-tur\/\" \/>\n<meta property=\"og:site_name\" content=\"Arctic Excursions\" \/>\n<meta property=\"article:modified_time\" content=\"2025-10-24T11:14:49+00:00\" \/>\n<meta property=\"og:image\" content=\"https:\/\/v1.arcticexcursions.com\/wp-content\/uploads\/2023\/10\/20200419_145517-2-scaled.jpg\" \/>\n\t<meta property=\"og:image:width\" content=\"2560\" \/>\n\t<meta property=\"og:image:height\" content=\"1920\" \/>\n\t<meta property=\"og:image:type\" content=\"image\/jpeg\" \/>\n<meta name=\"twitter:card\" content=\"summary_large_image\" \/>\n<script type=\"application\/ld+json\" class=\"yoast-schema-graph\">{\"@context\":\"https:\/\/schema.org\",\"@graph\":[{\"@type\":\"WebPage\",\"@id\":\"https:\/\/v1.arcticexcursions.com\/da\/udflugter\/hundeslaede-tur\/\",\"url\":\"https:\/\/v1.arcticexcursions.com\/da\/udflugter\/hundeslaede-tur\/\",\"name\":\"Hundesl\u00e6detur \u00ed Qeqertarsuaq - Arctic Excursions\",\"isPartOf\":{\"@id\":\"https:\/\/v1.arcticexcursions.com\/#website\"},\"primaryImageOfPage\":{\"@id\":\"https:\/\/v1.arcticexcursions.com\/da\/udflugter\/hundeslaede-tur\/#primaryimage\"},\"image\":{\"@id\":\"https:\/\/v1.arcticexcursions.com\/da\/udflugter\/hundeslaede-tur\/#primaryimage\"},\"thumbnailUrl\":\"https:\/\/v1.arcticexcursions.com\/wp-content\/uploads\/2023\/10\/20200419_145517-2-scaled.jpg\",\"datePublished\":\"2023-06-20T13:05:20+00:00\",\"dateModified\":\"2025-10-24T11:14:49+00:00\",\"breadcrumb\":{\"@id\":\"https:\/\/v1.arcticexcursions.com\/da\/udflugter\/hundeslaede-tur\/#breadcrumb\"},\"inLanguage\":\"da-DK\",\"potentialAction\":[{\"@type\":\"ReadAction\",\"target\":[\"https:\/\/v1.arcticexcursions.com\/da\/udflugter\/hundeslaede-tur\/\"]}]},{\"@type\":\"ImageObject\",\"inLanguage\":\"da-DK\",\"@id\":\"https:\/\/v1.arcticexcursions.com\/da\/udflugter\/hundeslaede-tur\/#primaryimage\",\"url\":\"https:\/\/v1.arcticexcursions.com\/wp-content\/uploads\/2023\/10\/20200419_145517-2-scaled.jpg\",\"contentUrl\":\"https:\/\/v1.arcticexcursions.com\/wp-content\/uploads\/2023\/10\/20200419_145517-2-scaled.jpg\",\"width\":2560,\"height\":1920},{\"@type\":\"BreadcrumbList\",\"@id\":\"https:\/\/v1.arcticexcursions.com\/da\/udflugter\/hundeslaede-tur\/#breadcrumb\",\"itemListElement\":[{\"@type\":\"ListItem\",\"position\":1,\"name\":\"Home\",\"item\":\"https:\/\/v1.arcticexcursions.com\/da\/\"},{\"@type\":\"ListItem\",\"position\":2,\"name\":\"Udflugter i Gr\u00f8nland\",\"item\":\"https:\/\/v1.arcticexcursions.com\/da\/udflugter\/\"},{\"@type\":\"ListItem\",\"position\":3,\"name\":\"Hundesl\u00e6detur \u00ed Qeqertarsuaq\"}]},{\"@type\":\"WebSite\",\"@id\":\"https:\/\/v1.arcticexcursions.com\/#website\",\"url\":\"https:\/\/v1.arcticexcursions.com\/\",\"name\":\"Arctic Excursions\",\"description\":\"New adventures. Every day.\",\"publisher\":{\"@id\":\"https:\/\/v1.arcticexcursions.com\/#organization\"},\"potentialAction\":[{\"@type\":\"SearchAction\",\"target\":{\"@type\":\"EntryPoint\",\"urlTemplate\":\"https:\/\/v1.arcticexcursions.com\/?s={search_term_string}\"},\"query-input\":{\"@type\":\"PropertyValueSpecification\",\"valueRequired\":true,\"valueName\":\"search_term_string\"}}],\"inLanguage\":\"da-DK\"},{\"@type\":\"Organization\",\"@id\":\"https:\/\/v1.arcticexcursions.com\/#organization\",\"name\":\"Arctic Excursions\",\"url\":\"https:\/\/v1.arcticexcursions.com\/\",\"logo\":{\"@type\":\"ImageObject\",\"inLanguage\":\"da-DK\",\"@id\":\"https:\/\/v1.arcticexcursions.com\/#\/schema\/logo\/image\/\",\"url\":\"https:\/\/arcticexcursions.com\/wp-content\/uploads\/2022\/11\/fb-logo.png\",\"contentUrl\":\"https:\/\/arcticexcursions.com\/wp-content\/uploads\/2022\/11\/fb-logo.png\",\"width\":523,\"height\":523,\"caption\":\"Arctic Excursions\"},\"image\":{\"@id\":\"https:\/\/v1.arcticexcursions.com\/#\/schema\/logo\/image\/\"}}]}<\/script>\n<!-- \/ Yoast SEO plugin. -->","yoast_head_json":{"title":"Arctic Excursions","robots":{"index":"noindex","follow":"follow","max-snippet":"max-snippet:-1","max-image-preview":"max-image-preview:large","max-video-preview":"max-video-preview:-1"},"og_locale":"da_DK","og_type":"article","og_title":"Hundesl\u00e6detur \u00ed Qeqertarsuaq - Arctic Excursions","og_description":"Oplev en sl\u00e6dehundetur i Qeqertarsuaq!","og_url":"https:\/\/v1.arcticexcursions.com\/da\/udflugter\/hundeslaede-tur\/","og_site_name":"Arctic Excursions","article_modified_time":"2025-10-24T11:14:49+00:00","og_image":[{"width":2560,"height":1920,"url":"https:\/\/v1.arcticexcursions.com\/wp-content\/uploads\/2023\/10\/20200419_145517-2-scaled.jpg","type":"image\/jpeg"}],"twitter_card":"summary_large_image","schema":{"@context":"https:\/\/schema.org","@graph":[{"@type":"WebPage","@id":"https:\/\/v1.arcticexcursions.com\/da\/udflugter\/hundeslaede-tur\/","url":"https:\/\/v1.arcticexcursions.com\/da\/udflugter\/hundeslaede-tur\/","name":"Hundesl\u00e6detur \u00ed Qeqertarsuaq - Arctic Excursions","isPartOf":{"@id":"https:\/\/v1.arcticexcursions.com\/#website"},"primaryImageOfPage":{"@id":"https:\/\/v1.arcticexcursions.com\/da\/udflugter\/hundeslaede-tur\/#primaryimage"},"image":{"@id":"https:\/\/v1.arcticexcursions.com\/da\/udflugter\/hundeslaede-tur\/#primaryimage"},"thumbnailUrl":"https:\/\/v1.arcticexcursions.com\/wp-content\/uploads\/2023\/10\/20200419_145517-2-scaled.jpg","datePublished":"2023-06-20T13:05:20+00:00","dateModified":"2025-10-24T11:14:49+00:00","breadcrumb":{"@id":"https:\/\/v1.arcticexcursions.com\/da\/udflugter\/hundeslaede-tur\/#breadcrumb"},"inLanguage":"da-DK","potentialAction":[{"@type":"ReadAction","target":["https:\/\/v1.arcticexcursions.com\/da\/udflugter\/hundeslaede-tur\/"]}]},{"@type":"ImageObject","inLanguage":"da-DK","@id":"https:\/\/v1.arcticexcursions.com\/da\/udflugter\/hundeslaede-tur\/#primaryimage","url":"https:\/\/v1.arcticexcursions.com\/wp-content\/uploads\/2023\/10\/20200419_145517-2-scaled.jpg","contentUrl":"https:\/\/v1.arcticexcursions.com\/wp-content\/uploads\/2023\/10\/20200419_145517-2-scaled.jpg","width":2560,"height":1920},{"@type":"BreadcrumbList","@id":"https:\/\/v1.arcticexcursions.com\/da\/udflugter\/hundeslaede-tur\/#breadcrumb","itemListElement":[{"@type":"ListItem","position":1,"name":"Home","item":"https:\/\/v1.arcticexcursions.com\/da\/"},{"@type":"ListItem","position":2,"name":"Udflugter i Gr\u00f8nland","item":"https:\/\/v1.arcticexcursions.com\/da\/udflugter\/"},{"@type":"ListItem","position":3,"name":"Hundesl\u00e6detur \u00ed Qeqertarsuaq"}]},{"@type":"WebSite","@id":"https:\/\/v1.arcticexcursions.com\/#website","url":"https:\/\/v1.arcticexcursions.com\/","name":"Arctic Excursions","description":"New adventures. Every day.","publisher":{"@id":"https:\/\/v1.arcticexcursions.com\/#organization"},"potentialAction":[{"@type":"SearchAction","target":{"@type":"EntryPoint","urlTemplate":"https:\/\/v1.arcticexcursions.com\/?s={search_term_string}"},"query-input":{"@type":"PropertyValueSpecification","valueRequired":true,"valueName":"search_term_string"}}],"inLanguage":"da-DK"},{"@type":"Organization","@id":"https:\/\/v1.arcticexcursions.com\/#organization","name":"Arctic Excursions","url":"https:\/\/v1.arcticexcursions.com\/","logo":{"@type":"ImageObject","inLanguage":"da-DK","@id":"https:\/\/v1.arcticexcursions.com\/#\/schema\/logo\/image\/","url":"https:\/\/arcticexcursions.com\/wp-content\/uploads\/2022\/11\/fb-logo.png","contentUrl":"https:\/\/arcticexcursions.com\/wp-content\/uploads\/2022\/11\/fb-logo.png","width":523,"height":523,"caption":"Arctic Excursions"},"image":{"@id":"https:\/\/v1.arcticexcursions.com\/#\/schema\/logo\/image\/"}}]}},"_links":{"self":[{"href":"https:\/\/v1.arcticexcursions.com\/da\/wp-json\/wp\/v2\/product\/15764"}],"collection":[{"href":"https:\/\/v1.arcticexcursions.com\/da\/wp-json\/wp\/v2\/product"}],"about":[{"href":"https:\/\/v1.arcticexcursions.com\/da\/wp-json\/wp\/v2\/types\/product"}],"replies":[{"embeddable":true,"href":"https:\/\/v1.arcticexcursions.com\/da\/wp-json\/wp\/v2\/comments?post=15764"}],"wp:featuredmedia":[{"embeddable":true,"href":"https:\/\/v1.arcticexcursions.com\/da\/wp-json\/wp\/v2\/media\/20729"}],"wp:attachment":[{"href":"https:\/\/v1.arcticexcursions.com\/da\/wp-json\/wp\/v2\/media?parent=15764"}],"wp:term":[{"taxonomy":"product_brand","embeddable":true,"href":"https:\/\/v1.arcticexcursions.com\/da\/wp-json\/wp\/v2\/product_brand?post=15764"},{"taxonomy":"product_cat","embeddable":true,"href":"https:\/\/v1.arcticexcursions.com\/da\/wp-json\/wp\/v2\/product_cat?post=15764"},{"taxonomy":"product_tag","embeddable":true,"href":"https:\/\/v1.arcticexcursions.com\/da\/wp-json\/wp\/v2\/product_tag?post=15764"}],"curies":[{"name":"wp","href":"https:\/\/api.w.org\/{rel}","templated":true}]}}